{"id":9784,"date":"2022-01-26T10:19:00","date_gmt":"2022-01-26T09:19:00","guid":{"rendered":"https:\/\/ladymsardegna.com\/?post_type=product&#038;p=9784"},"modified":"2025-09-04T19:31:41","modified_gmt":"2025-09-04T17:31:41","slug":"mamuthones-de-madera-mascara-de-pared-gigante-largo-16-x-h-43-cm","status":"publish","type":"product","link":"https:\/\/www.ladymsardegna.com\/es\/negozio\/maschera-sarda\/maschera-legno-mamuthones-da-parete-lunga-gigante-16-x-h-43-cm\/","title":{"rendered":"Maschera legno mamuthones da parete Larga gigante 22 x h 40 cm"},"content":{"rendered":"<p>M\u00e1scara decorativa t\u00edpica de Cerde\u00f1a mamuthones<\/p>\n<p>El objeto en venta es:<\/p>\n<p>original<\/p>\n<p>completo con caja y garant\u00eda si procede<\/p>\n<p>acompa\u00f1ado de un recibo o factura, previa solicitud<\/p>","protected":false},"excerpt":{"rendered":"<p><strong>Mamuthones M\u00e1scara :\u00a0<\/strong><\/p>\n<ul>\n<li>De madera tallada<\/li>\n<li>Cord\u00f3n de cuero para colgar<\/li>\n<li>Tratamiento manual<\/li>\n<li>Dimensioni ciondolo 22 x H 40 cm<\/li>\n<li>Peso circa 3 kg<\/li>\n<\/ul>","protected":false},"featured_media":18827,"comment_status":"open","ping_status":"closed","template":"","meta":[],"product_cat":[449],"product_tag":[],"class_list":{"0":"post-9784","1":"product","2":"type-product","3":"status-publish","4":"has-post-thumbnail","6":"product_cat-maschera-sarda","8":"first","9":"instock","10":"shipping-taxable","11":"purchasable","12":"product-type-simple","13":"col-xs-6 col-sm-4","14":"col-md-3 col-lg-3","15":"un-4-cols"},"_links":{"self":[{"href":"https:\/\/www.ladymsardegna.com\/es\/wp-json\/wp\/v2\/product\/9784","targetHints":{"allow":["GET"]}}],"collection":[{"href":"https:\/\/www.ladymsardegna.com\/es\/wp-json\/wp\/v2\/product"}],"about":[{"href":"https:\/\/www.ladymsardegna.com\/es\/wp-json\/wp\/v2\/types\/product"}],"replies":[{"embeddable":true,"href":"https:\/\/www.ladymsardegna.com\/es\/wp-json\/wp\/v2\/comments?post=9784"}],"wp:featuredmedia":[{"embeddable":true,"href":"https:\/\/www.ladymsardegna.com\/es\/wp-json\/wp\/v2\/media\/18827"}],"wp:attachment":[{"href":"https:\/\/www.ladymsardegna.com\/es\/wp-json\/wp\/v2\/media?parent=9784"}],"wp:term":[{"taxonomy":"product_cat","embeddable":true,"href":"https:\/\/www.ladymsardegna.com\/es\/wp-json\/wp\/v2\/product_cat?post=9784"},{"taxonomy":"product_tag","embeddable":true,"href":"https:\/\/www.ladymsardegna.com\/es\/wp-json\/wp\/v2\/product_tag?post=9784"}],"curies":[{"name":"wp","href":"https:\/\/api.w.org\/{rel}","templated":true}]}}