{"id":9518,"date":"2022-01-26T10:17:09","date_gmt":"2022-01-26T09:17:09","guid":{"rendered":"https:\/\/ladymsardegna.com\/?post_type=product&#038;p=9518"},"modified":"2022-12-13T21:34:21","modified_gmt":"2022-12-13T20:34:21","slug":"bandolera-de-corcho-natural-4","status":"publish","type":"product","link":"https:\/\/www.ladymsardegna.com\/es\/negozio\/borse-in-sughero\/donna\/borsetta-in-sughero-naturale-da-spalla-4\/","title":{"rendered":"Bandolera de corcho natural"},"content":{"rendered":"<p>Bolsa de corcho natural con llamativos estampados<\/p>\n<p>Material de corcho de la m\u00e1s alta calidad en una t\u00e9cnica de procesamiento y montaje de \u00faltima tecnolog\u00eda<\/p>\n<p><strong>El objeto en venta es:<\/strong><\/p>\n<ul>\n<li>original<\/li>\n<li>nuevo<\/li>\n<li>acompa\u00f1ado de un recibo o factura, previa solicitud<\/li>\n<\/ul>","protected":false},"excerpt":{"rendered":"<p><strong>Bolso de corcho para mujer :<\/strong><\/p>\n<ul>\n<li>De corcho y tejido interior<\/li>\n<li>Dimensiones H 24 x 31 x 11 cm<\/li>\n<li>Cremallera interior<\/li>\n<\/ul>","protected":false},"featured_media":13211,"comment_status":"open","ping_status":"closed","template":"","meta":[],"product_cat":[232,233],"product_tag":[],"class_list":{"0":"post-9518","1":"product","2":"type-product","3":"status-publish","4":"has-post-thumbnail","6":"product_cat-borse-in-sughero","7":"product_cat-donna","9":"first","10":"outofstock","11":"shipping-taxable","12":"purchasable","13":"product-type-simple","14":"col-xs-6 col-sm-4","15":"col-md-3 col-lg-3","16":"un-4-cols"},"_links":{"self":[{"href":"https:\/\/www.ladymsardegna.com\/es\/wp-json\/wp\/v2\/product\/9518","targetHints":{"allow":["GET"]}}],"collection":[{"href":"https:\/\/www.ladymsardegna.com\/es\/wp-json\/wp\/v2\/product"}],"about":[{"href":"https:\/\/www.ladymsardegna.com\/es\/wp-json\/wp\/v2\/types\/product"}],"replies":[{"embeddable":true,"href":"https:\/\/www.ladymsardegna.com\/es\/wp-json\/wp\/v2\/comments?post=9518"}],"wp:featuredmedia":[{"embeddable":true,"href":"https:\/\/www.ladymsardegna.com\/es\/wp-json\/wp\/v2\/media\/13211"}],"wp:attachment":[{"href":"https:\/\/www.ladymsardegna.com\/es\/wp-json\/wp\/v2\/media?parent=9518"}],"wp:term":[{"taxonomy":"product_cat","embeddable":true,"href":"https:\/\/www.ladymsardegna.com\/es\/wp-json\/wp\/v2\/product_cat?post=9518"},{"taxonomy":"product_tag","embeddable":true,"href":"https:\/\/www.ladymsardegna.com\/es\/wp-json\/wp\/v2\/product_tag?post=9518"}],"curies":[{"name":"wp","href":"https:\/\/api.w.org\/{rel}","templated":true}]}}