{"id":9517,"date":"2022-01-26T10:17:09","date_gmt":"2022-01-26T09:17:09","guid":{"rendered":"https:\/\/ladymsardegna.com\/?post_type=product&#038;p=9517"},"modified":"2025-12-23T20:23:01","modified_gmt":"2025-12-23T19:23:01","slug":"bandolera-de-corcho-natural-3","status":"publish","type":"product","link":"https:\/\/www.ladymsardegna.com\/es\/negozio\/borse-in-sughero\/donna\/borsetta-in-sughero-naturale-da-spalla-3\/","title":{"rendered":"Borsetta in sughero Naturale Da spalla o tracolla 100% produzione sarda gaias"},"content":{"rendered":"<p>Borsa in sughero naturale\u00a0 produzione artigianale<\/p>\n<p>Material de corcho de la m\u00e1s alta calidad en una t\u00e9cnica de procesamiento y montaje de \u00faltima tecnolog\u00eda<\/p>\n<p><strong>El objeto en venta es:<\/strong><\/p>\n<ul>\n<li>original<\/li>\n<li>nuevo<\/li>\n<li>acompa\u00f1ado de un recibo o factura, previa solicitud<\/li>\n<\/ul>","protected":false},"excerpt":{"rendered":"<p><strong>Bolso de corcho para mujer :<\/strong><\/p>\n<ul>\n<li>De corcho natural y tejido interior<\/li>\n<li>Dimensioni H 22 X 29 X 13\u00a0 cm altezza con maniglia 47 cm<\/li>\n<li>Chiusura con clip<\/li>\n<\/ul>","protected":false},"featured_media":19455,"comment_status":"open","ping_status":"closed","template":"","meta":[],"product_cat":[232,233],"product_tag":[],"class_list":{"0":"post-9517","1":"product","2":"type-product","3":"status-publish","4":"has-post-thumbnail","6":"product_brand-gaias","7":"product_cat-borse-in-sughero","8":"product_cat-donna","10":"first","11":"instock","12":"shipping-taxable","13":"purchasable","14":"product-type-simple","15":"col-xs-6 col-sm-4","16":"col-md-3 col-lg-3","17":"un-4-cols"},"_links":{"self":[{"href":"https:\/\/www.ladymsardegna.com\/es\/wp-json\/wp\/v2\/product\/9517","targetHints":{"allow":["GET"]}}],"collection":[{"href":"https:\/\/www.ladymsardegna.com\/es\/wp-json\/wp\/v2\/product"}],"about":[{"href":"https:\/\/www.ladymsardegna.com\/es\/wp-json\/wp\/v2\/types\/product"}],"replies":[{"embeddable":true,"href":"https:\/\/www.ladymsardegna.com\/es\/wp-json\/wp\/v2\/comments?post=9517"}],"wp:featuredmedia":[{"embeddable":true,"href":"https:\/\/www.ladymsardegna.com\/es\/wp-json\/wp\/v2\/media\/19455"}],"wp:attachment":[{"href":"https:\/\/www.ladymsardegna.com\/es\/wp-json\/wp\/v2\/media?parent=9517"}],"wp:term":[{"taxonomy":"product_cat","embeddable":true,"href":"https:\/\/www.ladymsardegna.com\/es\/wp-json\/wp\/v2\/product_cat?post=9517"},{"taxonomy":"product_tag","embeddable":true,"href":"https:\/\/www.ladymsardegna.com\/es\/wp-json\/wp\/v2\/product_tag?post=9517"}],"curies":[{"name":"wp","href":"https:\/\/api.w.org\/{rel}","templated":true}]}}