{"id":9460,"date":"2022-01-26T10:16:48","date_gmt":"2022-01-26T09:16:48","guid":{"rendered":"https:\/\/ladymsardegna.com\/?post_type=product&#038;p=9460"},"modified":"2025-07-29T10:19:01","modified_gmt":"2025-07-29T08:19:01","slug":"collar-cerdena-pequena-region-montana-silueta-filutrama","status":"publish","type":"product","link":"https:\/\/www.ladymsardegna.com\/es\/negozio\/gioielli-sardi\/filigrana-sarda-argento\/collane\/collana-sardegna-piccola-regione-sagoma-montuosa-filutrama\/","title":{"rendered":"Collana Sardegna PICCOLA regione sagoma montuosa filu&#038;Trama"},"content":{"rendered":"<p>Collar con colgante de plata 800%\u00b0\u00b0\u00b0 que representa el contorno de cerde\u00f1a y sus provincias y sistema monta\u00f1oso ceato en varios tama\u00f1os peque\u00f1o mediano o grande.<\/p>\n<p>Es posible tenerlo en 3 tipos de coloraci\u00f3n Oro o plata o bru\u00f1ido .<\/p>\n<p>El objeto en venta es:<\/p>\n<ul>\n<li>original<\/li>\n<li>completo con caja y garant\u00eda si procede<\/li>\n<li>acompa\u00f1ado de un recibo o factura, previa solicitud<\/li>\n<\/ul>","protected":false},"excerpt":{"rendered":"<p><strong>Collar Colgante Cerde\u00f1a monta\u00f1osa peque\u00f1a :<\/strong><\/p>\n<ul>\n<li>De plata<\/li>\n<li>Artesan\u00eda sarda en microfusi\u00f3n<\/li>\n<li>Tama\u00f1o del colgante 2,5 x 0,9 cm<\/li>\n<li>Longitud del collar 45 cm<\/li>\n<\/ul>","protected":false},"featured_media":9489,"comment_status":"open","ping_status":"closed","template":"","meta":[],"product_cat":[198,104,77],"product_tag":[106],"class_list":{"0":"post-9460","1":"product","2":"type-product","3":"status-publish","4":"has-post-thumbnail","6":"product_cat-collane","7":"product_cat-filigrana-sarda-argento","8":"product_cat-gioielli-sardi","9":"product_tag-filutrama","11":"first","12":"instock","13":"shipping-taxable","14":"purchasable","15":"product-type-variable","16":"col-xs-6 col-sm-4","17":"col-md-3 col-lg-3","18":"un-4-cols"},"_links":{"self":[{"href":"https:\/\/www.ladymsardegna.com\/es\/wp-json\/wp\/v2\/product\/9460","targetHints":{"allow":["GET"]}}],"collection":[{"href":"https:\/\/www.ladymsardegna.com\/es\/wp-json\/wp\/v2\/product"}],"about":[{"href":"https:\/\/www.ladymsardegna.com\/es\/wp-json\/wp\/v2\/types\/product"}],"replies":[{"embeddable":true,"href":"https:\/\/www.ladymsardegna.com\/es\/wp-json\/wp\/v2\/comments?post=9460"}],"wp:featuredmedia":[{"embeddable":true,"href":"https:\/\/www.ladymsardegna.com\/es\/wp-json\/wp\/v2\/media\/9489"}],"wp:attachment":[{"href":"https:\/\/www.ladymsardegna.com\/es\/wp-json\/wp\/v2\/media?parent=9460"}],"wp:term":[{"taxonomy":"product_cat","embeddable":true,"href":"https:\/\/www.ladymsardegna.com\/es\/wp-json\/wp\/v2\/product_cat?post=9460"},{"taxonomy":"product_tag","embeddable":true,"href":"https:\/\/www.ladymsardegna.com\/es\/wp-json\/wp\/v2\/product_tag?post=9460"}],"curies":[{"name":"wp","href":"https:\/\/api.w.org\/{rel}","templated":true}]}}