{"id":9402,"date":"2022-01-26T10:16:23","date_gmt":"2022-01-26T09:16:23","guid":{"rendered":"https:\/\/ladymsardegna.com\/?post_type=product&#038;p=9402"},"modified":"2025-12-04T07:59:29","modified_gmt":"2025-12-04T06:59:29","slug":"siniscola-sanima-de-pompia-licor-500-ml","status":"publish","type":"product","link":"https:\/\/www.ladymsardegna.com\/es\/negozio\/liquore-sardo\/liquore-di-pompia\/liquore-di-pompia-di-siniscola-sanima-de-pompia-500-ml\/","title":{"rendered":"Liquore Di pompia Siniscola S'anima De Pompia 500 ML"},"content":{"rendered":"<p>&nbsp;<\/p>\n<p><img fetchpriority=\"high\" decoding=\"async\" class=\"alignnone size-full wp-image-14972\" src=\"https:\/\/ladymsardegna.com\/wp-content\/uploads\/2022\/01\/download.jpg\" alt=\"\" width=\"224\" height=\"225\" title=\"\" srcset=\"https:\/\/www.ladymsardegna.com\/wp-content\/uploads\/2022\/01\/download.jpg 224w, https:\/\/www.ladymsardegna.com\/wp-content\/uploads\/2022\/01\/download-300x300.jpg 300w, https:\/\/www.ladymsardegna.com\/wp-content\/uploads\/2022\/01\/download-600x600.jpg 600w, https:\/\/www.ladymsardegna.com\/wp-content\/uploads\/2022\/01\/download-100x100.jpg 100w\" sizes=\"(max-width: 224px) 100vw, 224px\" \/><\/p>\n<p>La granja est\u00e1 situada a tiro de piedra de la playa de B\u00e8rchida, una joya de la costa nordeste de Cerde\u00f1a: una media luna de cinco kil\u00f3metros de dunas de suave arena blanca, ba\u00f1ada por un mar cristalino y cubierta de enebros centenarios, que forman curiosas caba\u00f1as naturales.<\/p>\n<p>Los frutos de la Pomp\u00eda, a los que hemos dedicado este licor, crecen en el silencio de la naturaleza de B\u00e8rchida, en el extremo sur del territorio de la Alta Baron\u00eda\".<\/p>\n<p>La pompia, con la que se elabora el licor, es una variedad de lim\u00f3n end\u00e9mica de Cerde\u00f1a, muy extendida en particular en el municipio de Siniscola y en algunas zonas de Baronia.<\/p>\n<p>Este particular c\u00edtrico es una aut\u00e9ntica rareza y, hasta 2015, ni siquiera estaba reconocido por la comunidad cient\u00edfica, denomin\u00e1ndose \"Citrus Monstruosa\".<\/p>\n<p>&nbsp;<\/p>","protected":false},"excerpt":{"rendered":"<p><strong>Licor de pompia sardo:<\/strong><\/p>\n<ul>\n<li>Elaborado con c\u00edtricos de la zona de Siniscola<\/li>\n<li>Producto para consumir tras su almacenamiento en nevera sin congelar<\/li>\n<li><strong>S\u00f3lo para beber fr\u00edo<\/strong><\/li>\n<li>Contenido 50 cl 31 % voltios<\/li>\n<\/ul>","protected":false},"featured_media":9439,"comment_status":"open","ping_status":"closed","template":"","meta":[],"product_cat":[321,318],"product_tag":[322],"class_list":{"0":"post-9402","1":"product","2":"type-product","3":"status-publish","4":"has-post-thumbnail","6":"product_cat-liquore-di-pompia","7":"product_cat-liquore-sardo","8":"product_tag-pompia","10":"first","11":"instock","12":"shipping-taxable","13":"purchasable","14":"product-type-simple","15":"col-xs-6 col-sm-4","16":"col-md-3 col-lg-3","17":"un-4-cols"},"_links":{"self":[{"href":"https:\/\/www.ladymsardegna.com\/es\/wp-json\/wp\/v2\/product\/9402","targetHints":{"allow":["GET"]}}],"collection":[{"href":"https:\/\/www.ladymsardegna.com\/es\/wp-json\/wp\/v2\/product"}],"about":[{"href":"https:\/\/www.ladymsardegna.com\/es\/wp-json\/wp\/v2\/types\/product"}],"replies":[{"embeddable":true,"href":"https:\/\/www.ladymsardegna.com\/es\/wp-json\/wp\/v2\/comments?post=9402"}],"wp:featuredmedia":[{"embeddable":true,"href":"https:\/\/www.ladymsardegna.com\/es\/wp-json\/wp\/v2\/media\/9439"}],"wp:attachment":[{"href":"https:\/\/www.ladymsardegna.com\/es\/wp-json\/wp\/v2\/media?parent=9402"}],"wp:term":[{"taxonomy":"product_cat","embeddable":true,"href":"https:\/\/www.ladymsardegna.com\/es\/wp-json\/wp\/v2\/product_cat?post=9402"},{"taxonomy":"product_tag","embeddable":true,"href":"https:\/\/www.ladymsardegna.com\/es\/wp-json\/wp\/v2\/product_tag?post=9402"}],"curies":[{"name":"wp","href":"https:\/\/api.w.org\/{rel}","templated":true}]}}