{"id":9390,"date":"2022-01-26T10:16:21","date_gmt":"2022-01-26T09:16:21","guid":{"rendered":"https:\/\/ladymsardegna.com\/?post_type=product&#038;p=9390"},"modified":"2022-02-08T21:06:50","modified_gmt":"2022-02-08T20:06:50","slug":"velero-de-madera-decorado-con-luces-led","status":"publish","type":"product","link":"https:\/\/www.ladymsardegna.com\/es\/negozio\/arredamento\/linea-mare\/barca-a-vela-decorazione-in-legno-con-led-luminosi\/","title":{"rendered":"Velero Decoraci\u00f3n de Madera con Luces LED"},"content":{"rendered":"<p><strong>Madera y lona velero para la decoraci\u00f3n stille shabby stil l\u00ednea de mar<\/strong><\/p>\n<p>El objeto en venta es:<\/p>\n<p>original<\/p>\n<p>nuevo<\/p>\n<p>acompa\u00f1ado de un recibo o factura, previa solicitud<\/p>","protected":false},"excerpt":{"rendered":"<p><strong>Velero con cuerdas Sea Line :<\/strong><\/p>\n<ul>\n<li>VELERO DE MADERA CON LUCES<\/li>\n<li>Dimensiones 28X6XH.33.5CM<\/li>\n<li>Vela de lona y conchas<\/li>\n<\/ul>","protected":false},"featured_media":11495,"comment_status":"open","ping_status":"closed","template":"","meta":[],"product_cat":[78,160],"product_tag":[],"class_list":{"0":"post-9390","1":"product","2":"type-product","3":"status-publish","4":"has-post-thumbnail","6":"product_cat-arredamento","7":"product_cat-linea-mare","9":"first","10":"instock","11":"shipping-taxable","12":"purchasable","13":"product-type-simple","14":"col-xs-6 col-sm-4","15":"col-md-3 col-lg-3","16":"un-4-cols"},"_links":{"self":[{"href":"https:\/\/www.ladymsardegna.com\/es\/wp-json\/wp\/v2\/product\/9390","targetHints":{"allow":["GET"]}}],"collection":[{"href":"https:\/\/www.ladymsardegna.com\/es\/wp-json\/wp\/v2\/product"}],"about":[{"href":"https:\/\/www.ladymsardegna.com\/es\/wp-json\/wp\/v2\/types\/product"}],"replies":[{"embeddable":true,"href":"https:\/\/www.ladymsardegna.com\/es\/wp-json\/wp\/v2\/comments?post=9390"}],"wp:featuredmedia":[{"embeddable":true,"href":"https:\/\/www.ladymsardegna.com\/es\/wp-json\/wp\/v2\/media\/11495"}],"wp:attachment":[{"href":"https:\/\/www.ladymsardegna.com\/es\/wp-json\/wp\/v2\/media?parent=9390"}],"wp:term":[{"taxonomy":"product_cat","embeddable":true,"href":"https:\/\/www.ladymsardegna.com\/es\/wp-json\/wp\/v2\/product_cat?post=9390"},{"taxonomy":"product_tag","embeddable":true,"href":"https:\/\/www.ladymsardegna.com\/es\/wp-json\/wp\/v2\/product_tag?post=9390"}],"curies":[{"name":"wp","href":"https:\/\/api.w.org\/{rel}","templated":true}]}}