{"id":9342,"date":"2022-01-26T10:15:59","date_gmt":"2022-01-26T09:15:59","guid":{"rendered":"https:\/\/ladymsardegna.com\/?post_type=product&#038;p=9342"},"modified":"2022-05-07T18:51:31","modified_gmt":"2022-05-07T16:51:31","slug":"bolsa-de-corcho-natural-para-mujer-4","status":"publish","type":"product","link":"https:\/\/www.ladymsardegna.com\/es\/negozio\/borse-in-sughero\/donna\/borsa-bauletto-in-sughero-naturale-da-donna-4\/","title":{"rendered":"Bolso satchel de corcho natural para mujer"},"content":{"rendered":"<p>Mochila de corcho natural con llamativos estampados<\/p>\n<p>Material de corcho de la m\u00e1s alta calidad en una t\u00e9cnica de procesamiento y montaje de \u00faltima tecnolog\u00eda<\/p>\n<p><strong>El objeto en venta es:<\/strong><\/p>\n<ul>\n<li>original<\/li>\n<li>nuevo<\/li>\n<li>acompa\u00f1ado de un recibo o factura, previa solicitud<\/li>\n<\/ul>","protected":false},"excerpt":{"rendered":"<p><strong>Bolso de corcho para mujer :<\/strong><\/p>\n<ul>\n<li>De corcho y tejido interior<\/li>\n<li>Dimensiones 21 x 35 x 12 cm<\/li>\n<li>Bolso satchel con bandolera y cierre de cremallera<\/li>\n<\/ul>","protected":false},"featured_media":9380,"comment_status":"open","ping_status":"closed","template":"","meta":[],"product_cat":[232,233],"product_tag":[278],"class_list":{"0":"post-9342","1":"product","2":"type-product","3":"status-publish","4":"has-post-thumbnail","6":"product_cat-borse-in-sughero","7":"product_cat-donna","8":"product_tag-borsa","10":"first","11":"outofstock","12":"shipping-taxable","13":"purchasable","14":"product-type-simple","15":"col-xs-6 col-sm-4","16":"col-md-3 col-lg-3","17":"un-4-cols"},"_links":{"self":[{"href":"https:\/\/www.ladymsardegna.com\/es\/wp-json\/wp\/v2\/product\/9342","targetHints":{"allow":["GET"]}}],"collection":[{"href":"https:\/\/www.ladymsardegna.com\/es\/wp-json\/wp\/v2\/product"}],"about":[{"href":"https:\/\/www.ladymsardegna.com\/es\/wp-json\/wp\/v2\/types\/product"}],"replies":[{"embeddable":true,"href":"https:\/\/www.ladymsardegna.com\/es\/wp-json\/wp\/v2\/comments?post=9342"}],"wp:featuredmedia":[{"embeddable":true,"href":"https:\/\/www.ladymsardegna.com\/es\/wp-json\/wp\/v2\/media\/9380"}],"wp:attachment":[{"href":"https:\/\/www.ladymsardegna.com\/es\/wp-json\/wp\/v2\/media?parent=9342"}],"wp:term":[{"taxonomy":"product_cat","embeddable":true,"href":"https:\/\/www.ladymsardegna.com\/es\/wp-json\/wp\/v2\/product_cat?post=9342"},{"taxonomy":"product_tag","embeddable":true,"href":"https:\/\/www.ladymsardegna.com\/es\/wp-json\/wp\/v2\/product_tag?post=9342"}],"curies":[{"name":"wp","href":"https:\/\/api.w.org\/{rel}","templated":true}]}}