{"id":9284,"date":"2022-01-26T10:15:36","date_gmt":"2022-01-26T09:15:36","guid":{"rendered":"https:\/\/ladymsardegna.com\/?post_type=product&#038;p=9284"},"modified":"2026-01-07T08:13:46","modified_gmt":"2026-01-07T07:13:46","slug":"mamuthones-de-madera-mascara-de-pared-9-x-h-14-cm-de-largo","status":"publish","type":"product","link":"https:\/\/www.ladymsardegna.com\/es\/negozio\/maschera-sarda\/maschera-legno-mamuthones-da-parete-lunga-9-x-h-14-cm\/","title":{"rendered":"Mamuthones m\u00e1scara de pared de madera LONG 9 x h 14 cm"},"content":{"rendered":"<p>M\u00e1scara decorativa t\u00edpica de Cerde\u00f1a mamuthones<\/p>\n<p>El objeto en venta es:<\/p>\n<p>original<\/p>\n<p>completo con caja y garant\u00eda si procede<\/p>\n<p>acompa\u00f1ado de un recibo o factura, previa solicitud<\/p>","protected":false},"excerpt":{"rendered":"<p><strong>M\u00e1scara de mamuthones : arte 1<\/strong><\/p>\n<ul>\n<li>De madera tallada<\/li>\n<li>Cord\u00f3n de cuero para colgar<\/li>\n<li>Tratamiento manual<\/li>\n<li>Dimensiones del colgante 9 x H 14 cm<\/li>\n<\/ul>","protected":false},"featured_media":9313,"comment_status":"open","ping_status":"closed","template":"","meta":[],"product_cat":[449],"product_tag":[],"class_list":{"0":"post-9284","1":"product","2":"type-product","3":"status-publish","4":"has-post-thumbnail","6":"product_cat-maschera-sarda","8":"first","9":"instock","10":"shipping-taxable","11":"purchasable","12":"product-type-simple","13":"col-xs-6 col-sm-4","14":"col-md-3 col-lg-3","15":"un-4-cols"},"_links":{"self":[{"href":"https:\/\/www.ladymsardegna.com\/es\/wp-json\/wp\/v2\/product\/9284","targetHints":{"allow":["GET"]}}],"collection":[{"href":"https:\/\/www.ladymsardegna.com\/es\/wp-json\/wp\/v2\/product"}],"about":[{"href":"https:\/\/www.ladymsardegna.com\/es\/wp-json\/wp\/v2\/types\/product"}],"replies":[{"embeddable":true,"href":"https:\/\/www.ladymsardegna.com\/es\/wp-json\/wp\/v2\/comments?post=9284"}],"wp:featuredmedia":[{"embeddable":true,"href":"https:\/\/www.ladymsardegna.com\/es\/wp-json\/wp\/v2\/media\/9313"}],"wp:attachment":[{"href":"https:\/\/www.ladymsardegna.com\/es\/wp-json\/wp\/v2\/media?parent=9284"}],"wp:term":[{"taxonomy":"product_cat","embeddable":true,"href":"https:\/\/www.ladymsardegna.com\/es\/wp-json\/wp\/v2\/product_cat?post=9284"},{"taxonomy":"product_tag","embeddable":true,"href":"https:\/\/www.ladymsardegna.com\/es\/wp-json\/wp\/v2\/product_tag?post=9284"}],"curies":[{"name":"wp","href":"https:\/\/api.w.org\/{rel}","templated":true}]}}