{"id":9226,"date":"2022-01-26T10:15:22","date_gmt":"2022-01-26T09:15:22","guid":{"rendered":"https:\/\/ladymsardegna.com\/?post_type=product&#038;p=9226"},"modified":"2025-07-11T09:32:21","modified_gmt":"2025-07-11T07:32:21","slug":"camiseta-cerdena-4-mori-banderas-bandera-sarda-blanco-babya","status":"publish","type":"product","link":"https:\/\/www.ladymsardegna.com\/es\/negozio\/t-shirt-sardegna\/bambino-a\/t-shirt-sardegna-4-mori-flags-bandiera-sarda-bianca-bambinoa\/","title":{"rendered":"CAMISETA CERDE\u00d1A 4 banderas MORI Bandera de Cerde\u00f1a BLANCA ni\u00f1o"},"content":{"rendered":"<p><strong>Camisetas con estampados muy atractivos, colores y dibujos de moda\u00a0\u00a0<\/strong><\/p>\n<p>El objeto en venta es:<\/p>\n<p>original<\/p>\n<p>completo con caja y garant\u00eda si procede<\/p>\n<p>acompa\u00f1ado de un recibo o factura, previa solicitud<\/p>","protected":false},"excerpt":{"rendered":"<p><strong>T-shitr childa sardinia :<\/strong><\/p>\n<ul>\n<li>De algod\u00f3n 100%<\/li>\n<li>Gr\u00e1ficos creativos y punto Peso 150 g\/m2<\/li>\n<li>Tallas disponibles 0\\2 2\\4 4\\6 6\\8 8\\0 10\\12 12\\14 a\u00f1os<\/li>\n<li>Jersey de ni\u00f1o o ni\u00f1a<\/li>\n<\/ul>","protected":false},"featured_media":9253,"comment_status":"open","ping_status":"closed","template":"","meta":[],"product_cat":[300,222],"product_tag":[316],"class_list":{"0":"post-9226","1":"product","2":"type-product","3":"status-publish","4":"has-post-thumbnail","6":"product_cat-bambino-a","7":"product_cat-t-shirt-sardegna","8":"product_tag-jcolors","10":"first","11":"instock","12":"shipping-taxable","13":"purchasable","14":"product-type-variable","15":"col-xs-6 col-sm-4","16":"col-md-3 col-lg-3","17":"un-4-cols"},"_links":{"self":[{"href":"https:\/\/www.ladymsardegna.com\/es\/wp-json\/wp\/v2\/product\/9226","targetHints":{"allow":["GET"]}}],"collection":[{"href":"https:\/\/www.ladymsardegna.com\/es\/wp-json\/wp\/v2\/product"}],"about":[{"href":"https:\/\/www.ladymsardegna.com\/es\/wp-json\/wp\/v2\/types\/product"}],"replies":[{"embeddable":true,"href":"https:\/\/www.ladymsardegna.com\/es\/wp-json\/wp\/v2\/comments?post=9226"}],"wp:featuredmedia":[{"embeddable":true,"href":"https:\/\/www.ladymsardegna.com\/es\/wp-json\/wp\/v2\/media\/9253"}],"wp:attachment":[{"href":"https:\/\/www.ladymsardegna.com\/es\/wp-json\/wp\/v2\/media?parent=9226"}],"wp:term":[{"taxonomy":"product_cat","embeddable":true,"href":"https:\/\/www.ladymsardegna.com\/es\/wp-json\/wp\/v2\/product_cat?post=9226"},{"taxonomy":"product_tag","embeddable":true,"href":"https:\/\/www.ladymsardegna.com\/es\/wp-json\/wp\/v2\/product_tag?post=9226"}],"curies":[{"name":"wp","href":"https:\/\/api.w.org\/{rel}","templated":true}]}}