{"id":9134,"date":"2022-01-26T10:14:55","date_gmt":"2022-01-26T09:14:55","guid":{"rendered":"https:\/\/ladymsardegna.com\/?post_type=product&#038;p=9134"},"modified":"2022-12-19T21:29:14","modified_gmt":"2022-12-19T20:29:14","slug":"tapon-sharm-filigrana-sarda-filu-trama","status":"publish","type":"product","link":"https:\/\/www.ladymsardegna.com\/es\/negozio\/gioielli-sardi\/filigrana-sarda-argento\/charm-filigrana-sarda\/stopper-sharm-filigrana-sarda-filu-trama\/","title":{"rendered":"Tap\u00f3n CHARM FILIGRANA SARDA FILU &amp; TRAMA"},"content":{"rendered":"<p>Accesorios para pulsera pandora sharm charm con trabajo de filigrana.<\/p>\n<p>Accesorios para crear su pulsera personal. el punto de partida es la pulsera con un broche de la isla ..para que coincida con todos los estilos y tradiciones de nuestra tierra de los colgantes de bot\u00f3n a las m\u00e1scaras de nuestra tradici\u00f3n a trav\u00e9s de monumentos nuragic a las estrellas de sartiglia para hacerle sentir toda nuestra historia accesorios\u00a0\u00a0<img decoding=\"async\" class=\"alignnone wp-image-23946\" src=\"https:\/\/ladymsardegna.com\/wp-content\/uploads\/2021\/05\/image-300x210.jpg\" alt=\"\" width=\"193\" height=\"135\" title=\"\"><\/p>\n<p><b>La filigrana sarda representa una artesan\u00eda fina, rica en historia y tradici\u00f3n, orgullo de Cerde\u00f1a, una isla rica en cultura y donde muchas tradiciones se han transmitido hasta nuestros d\u00edas y siguen vivas en las costumbres y pasiones de la gente.<\/b><\/p>\n<p><b>Llevar o regalar una pieza de joyer\u00eda tradicional sarda, ya sea de oro, plata o filigrana, significa testimoniar con fuerza la pertenencia a esta tierra, ya sea real o simplemente compartiendo los valores y la historia que representan estos objetos preciosos, para comunicar la propia identidad.<\/b><\/p>\n<p><b>El trabajo de filigrana sardo tiene or\u00edgenes ancestrales y es un talento custodiado por generaciones de artesanos que a\u00fan utilizan sus manos para crear estas joyas \u00fanicas, ricas en significado e historia.<\/b><\/p>","protected":false},"excerpt":{"rendered":"<p><strong>\u00a0Encanto tap\u00f3n de filigrana :<\/strong><\/p>\n<ul>\n<li>De plata 800%\u00b0\u00b0\u00b0.<\/li>\n<li>Tratamiento de microfusi\u00f3n de filigrana<\/li>\n<li>Dimensiones del tap\u00f3n 9 x 4 mm<\/li>\n<\/ul>","protected":false},"featured_media":9150,"comment_status":"open","ping_status":"closed","template":"","meta":[],"product_cat":[250,104],"product_tag":[],"class_list":{"0":"post-9134","1":"product","2":"type-product","3":"status-publish","4":"has-post-thumbnail","6":"product_cat-charm-filigrana-sarda","7":"product_cat-filigrana-sarda-argento","9":"first","10":"instock","11":"shipping-taxable","12":"purchasable","13":"product-type-simple","14":"col-xs-6 col-sm-4","15":"col-md-3 col-lg-3","16":"un-4-cols"},"_links":{"self":[{"href":"https:\/\/www.ladymsardegna.com\/es\/wp-json\/wp\/v2\/product\/9134","targetHints":{"allow":["GET"]}}],"collection":[{"href":"https:\/\/www.ladymsardegna.com\/es\/wp-json\/wp\/v2\/product"}],"about":[{"href":"https:\/\/www.ladymsardegna.com\/es\/wp-json\/wp\/v2\/types\/product"}],"replies":[{"embeddable":true,"href":"https:\/\/www.ladymsardegna.com\/es\/wp-json\/wp\/v2\/comments?post=9134"}],"wp:featuredmedia":[{"embeddable":true,"href":"https:\/\/www.ladymsardegna.com\/es\/wp-json\/wp\/v2\/media\/9150"}],"wp:attachment":[{"href":"https:\/\/www.ladymsardegna.com\/es\/wp-json\/wp\/v2\/media?parent=9134"}],"wp:term":[{"taxonomy":"product_cat","embeddable":true,"href":"https:\/\/www.ladymsardegna.com\/es\/wp-json\/wp\/v2\/product_cat?post=9134"},{"taxonomy":"product_tag","embeddable":true,"href":"https:\/\/www.ladymsardegna.com\/es\/wp-json\/wp\/v2\/product_tag?post=9134"}],"curies":[{"name":"wp","href":"https:\/\/api.w.org\/{rel}","templated":true}]}}