{"id":8927,"date":"2022-01-26T10:13:50","date_gmt":"2022-01-26T09:13:50","guid":{"rendered":"https:\/\/ladymsardegna.com\/?post_type=product&#038;p=8927"},"modified":"2024-09-11T11:35:16","modified_gmt":"2024-09-11T09:35:16","slug":"cuenco-de-ceramica-sardo-para-espaguetis-35-cm-centro-de-mesa","status":"publish","type":"product","link":"https:\/\/www.ladymsardegna.com\/es\/negozio\/ceramica-sarda\/ceramica-sarda-spaghettiera-35-cm-centrotavola\/","title":{"rendered":"Centro de cer\u00e1mica sardo SPAGHETTIER 35 cm"},"content":{"rendered":"<p>El Taller de Cer\u00e1mica Deiana tiene or\u00edgenes muy lejanos.<\/p>\n<p>Il mestiere del \u201cvasaio\u201d all\u2019interno della famiglia Deiana esiste da pi\u00f9 di un secolo e viene tramandato da 4 generazioni , per regalare a tutto il mondo le nostre tradizioni i nostri colori e la nostra passione per restare indelebili e immutate per sempre .<\/p>\n<p>Cer\u00e1mica creada y pintada exclusivamente a mano mediante la t\u00e9cnica del rayado para una ejecuci\u00f3n casi perfecta en cada objeto.<\/p>\n<p>Los materiales, incluidas las arcillas y los esmaltes, son aptos para uso alimentario y, por tanto, no t\u00f3xicos.<\/p>\n<p>Todos nuestros productos est\u00e1n fabricados para uso alimentario, por lo que pueden utilizarse en hornos microondas y lavarse en lavavajillas.<\/p>","protected":false},"excerpt":{"rendered":"<p><strong>Cer\u00e1mica sarda SPAGHETTIERA cuenco :<\/strong><\/p>\n<ul>\n<li>De cer\u00e1mica sarda grabada en la galleta<\/li>\n<li>Grabado Lapwing<\/li>\n<li>Dimensiones 35 X H 11 cm<\/li>\n<li>Tratamiento manual<\/li>\n<li>apto para lavavajillas<\/li>\n<\/ul>","protected":false},"featured_media":8946,"comment_status":"open","ping_status":"closed","template":"","meta":[],"product_cat":[185],"product_tag":[186,209],"class_list":{"0":"post-8927","1":"product","2":"type-product","3":"status-publish","4":"has-post-thumbnail","6":"product_cat-ceramica-sarda","7":"product_tag-ceramica","8":"product_tag-ceramichesarde","10":"first","11":"instock","12":"shipping-taxable","13":"purchasable","14":"product-type-variable","15":"col-xs-6 col-sm-4","16":"col-md-3 col-lg-3","17":"un-4-cols"},"_links":{"self":[{"href":"https:\/\/www.ladymsardegna.com\/es\/wp-json\/wp\/v2\/product\/8927","targetHints":{"allow":["GET"]}}],"collection":[{"href":"https:\/\/www.ladymsardegna.com\/es\/wp-json\/wp\/v2\/product"}],"about":[{"href":"https:\/\/www.ladymsardegna.com\/es\/wp-json\/wp\/v2\/types\/product"}],"replies":[{"embeddable":true,"href":"https:\/\/www.ladymsardegna.com\/es\/wp-json\/wp\/v2\/comments?post=8927"}],"wp:featuredmedia":[{"embeddable":true,"href":"https:\/\/www.ladymsardegna.com\/es\/wp-json\/wp\/v2\/media\/8946"}],"wp:attachment":[{"href":"https:\/\/www.ladymsardegna.com\/es\/wp-json\/wp\/v2\/media?parent=8927"}],"wp:term":[{"taxonomy":"product_cat","embeddable":true,"href":"https:\/\/www.ladymsardegna.com\/es\/wp-json\/wp\/v2\/product_cat?post=8927"},{"taxonomy":"product_tag","embeddable":true,"href":"https:\/\/www.ladymsardegna.com\/es\/wp-json\/wp\/v2\/product_tag?post=8927"}],"curies":[{"name":"wp","href":"https:\/\/api.w.org\/{rel}","templated":true}]}}