{"id":8866,"date":"2022-01-26T10:13:25","date_gmt":"2022-01-26T09:13:25","guid":{"rendered":"https:\/\/ladymsardegna.com\/?post_type=product&#038;p=8866"},"modified":"2025-02-11T11:40:45","modified_gmt":"2025-02-11T10:40:45","slug":"cesta-sarda-de-rafia-con-brocado-traje-sardo","status":"publish","type":"product","link":"https:\/\/www.ladymsardegna.com\/es\/negozio\/cesti-cestini\/cesto-portapane-canestro-sardo-rafia-con-broccato-costume-sardo\/","title":{"rendered":"Canasto Sardo Con Brocado Blanco Traje Sardo"},"content":{"rendered":"<p><strong>SARDO CEST<\/strong><\/p>\n<p>La tejedur\u00eda en Cerde\u00f1a ha sido una de las principales actividades del hombre desde la antig\u00fcedad. La isla, tierra rica en materias primas, ha sido siempre la cuna perfecta para el desarrollo de labores de tejedur\u00eda destinadas a crear recipientes r\u00fasticos de todo tipo.<\/p>\n<p>Sennori, el centro m\u00e1s importante de Romangia, cuenta con una gran tradici\u00f3n en la fabricaci\u00f3n de cestas, cestos y canastos de diversos tama\u00f1os, con o sin tapa. Estos recipientes se utilizaban para guardar o transportar alimentos (pan, dulces, fruta) y objetos (por ejemplo, ovillos de lana, agujas, alfileres, hilo, etc.).<\/p>\n<p>Nuestra cester\u00eda, estrictamente artesanal, conserva las antiguas tradiciones, donde la delicadeza de los colores, la particularidad de las formas y la atenci\u00f3n a los detalles garantizan la calidad y el respeto de la tradici\u00f3n artesanal de nuestra isla.<\/p>\n<p>El objeto en venta es:<\/p>\n<p>original<\/p>\n<p>nuevo<\/p>\n<p>acompa\u00f1ado de un recibo o factura, previa solicitud<\/p>","protected":false},"excerpt":{"rendered":"<p><strong>Panera de Carasau :<\/strong><\/p>\n<ul>\n<li>Seis tama\u00f1os de cesta<\/li>\n<li>Tejido totalmente a mano<\/li>\n<li>Material Rafia natural y de colores<\/li>\n<li>Decorado con brocado de traje sardo<\/li>\n<\/ul>","protected":false},"featured_media":8934,"comment_status":"open","ping_status":"closed","template":"","meta":[],"product_cat":[107],"product_tag":[],"class_list":{"0":"post-8866","1":"product","2":"type-product","3":"status-publish","4":"has-post-thumbnail","6":"product_cat-cesti-cestini","8":"first","9":"instock","10":"shipping-taxable","11":"purchasable","12":"product-type-variable","13":"col-xs-6 col-sm-4","14":"col-md-3 col-lg-3","15":"un-4-cols"},"_links":{"self":[{"href":"https:\/\/www.ladymsardegna.com\/es\/wp-json\/wp\/v2\/product\/8866","targetHints":{"allow":["GET"]}}],"collection":[{"href":"https:\/\/www.ladymsardegna.com\/es\/wp-json\/wp\/v2\/product"}],"about":[{"href":"https:\/\/www.ladymsardegna.com\/es\/wp-json\/wp\/v2\/types\/product"}],"replies":[{"embeddable":true,"href":"https:\/\/www.ladymsardegna.com\/es\/wp-json\/wp\/v2\/comments?post=8866"}],"wp:featuredmedia":[{"embeddable":true,"href":"https:\/\/www.ladymsardegna.com\/es\/wp-json\/wp\/v2\/media\/8934"}],"wp:attachment":[{"href":"https:\/\/www.ladymsardegna.com\/es\/wp-json\/wp\/v2\/media?parent=8866"}],"wp:term":[{"taxonomy":"product_cat","embeddable":true,"href":"https:\/\/www.ladymsardegna.com\/es\/wp-json\/wp\/v2\/product_cat?post=8866"},{"taxonomy":"product_tag","embeddable":true,"href":"https:\/\/www.ladymsardegna.com\/es\/wp-json\/wp\/v2\/product_tag?post=8866"}],"curies":[{"name":"wp","href":"https:\/\/api.w.org\/{rel}","templated":true}]}}