{"id":8859,"date":"2022-01-26T10:13:24","date_gmt":"2022-01-26T09:13:24","guid":{"rendered":"https:\/\/ladymsardegna.com\/?post_type=product&#038;p=8859"},"modified":"2024-04-12T12:02:09","modified_gmt":"2024-04-12T10:02:09","slug":"assassins-creed-pistola-caballeria-francesa-1806-napoleon-dorado","status":"publish","type":"product","link":"https:\/\/www.ladymsardegna.com\/es\/negozio\/repliche-armi\/pistola\/assassins-creed-pistola-cavalleria-francese-1806-napoleone-dorata\/","title":{"rendered":"Assassin's Creed Pistola de caballer\u00eda francesa 1806 Napole\u00f3n ba\u00f1ada en oro"},"content":{"rendered":"<p>MARAVILLOSAS R\u00c9PLICAS INERTES, CON PESO Y DIMENSIONES REALES, MECANISMOS DE FUNCIONAMIENTO,<\/p>\n<p>CONSTRUIDOS CON MATERIALES SIMILARES A LOS ORIGINALES<\/p>\n<p>Reproducci\u00f3n de la pistola de caballer\u00eda de la \u00e9poca napole\u00f3nica, fabricada en madera y metal con mecanismo simulador de carga y disparo.<\/p>\n<p>Las pistolas de chispa ten\u00edan un cerrojo de pedernal, que al accionar el martillo produc\u00eda la chispa que encend\u00eda la p\u00f3lvora. Todas estas armas requer\u00edan la recarga manual de su munici\u00f3n despu\u00e9s de cada disparo. La munici\u00f3n, introducida por la boca del ca\u00f1\u00f3n, constaba de p\u00f3lvora, una bala y un taco de papel, que serv\u00eda de tap\u00f3n para mantener comprimidos los dos primeros dentro del ca\u00f1\u00f3n.<\/p>","protected":false},"excerpt":{"rendered":"<p>Pistola francesa :<\/p>\n<ul>\n<li>De metal y madera<\/li>\n<li>Dimensiones 35 cm<\/li>\n<li>Tratamiento manual<\/li>\n<li>Peso: 800 g<\/li>\n<li>En caja original<\/li>\n<li>Producci\u00f3n Denix Made in spain<\/li>\n<\/ul>","protected":false},"featured_media":8902,"comment_status":"open","ping_status":"closed","template":"","meta":[],"product_cat":[81,80],"product_tag":[99],"class_list":{"0":"post-8859","1":"product","2":"type-product","3":"status-publish","4":"has-post-thumbnail","6":"product_brand-denix","7":"product_cat-pistola","8":"product_cat-repliche-armi","9":"product_tag-assassins-creed","11":"first","12":"outofstock","13":"shipping-taxable","14":"purchasable","15":"product-type-simple","16":"col-xs-6 col-sm-4","17":"col-md-3 col-lg-3","18":"un-4-cols"},"_links":{"self":[{"href":"https:\/\/www.ladymsardegna.com\/es\/wp-json\/wp\/v2\/product\/8859","targetHints":{"allow":["GET"]}}],"collection":[{"href":"https:\/\/www.ladymsardegna.com\/es\/wp-json\/wp\/v2\/product"}],"about":[{"href":"https:\/\/www.ladymsardegna.com\/es\/wp-json\/wp\/v2\/types\/product"}],"replies":[{"embeddable":true,"href":"https:\/\/www.ladymsardegna.com\/es\/wp-json\/wp\/v2\/comments?post=8859"}],"wp:featuredmedia":[{"embeddable":true,"href":"https:\/\/www.ladymsardegna.com\/es\/wp-json\/wp\/v2\/media\/8902"}],"wp:attachment":[{"href":"https:\/\/www.ladymsardegna.com\/es\/wp-json\/wp\/v2\/media?parent=8859"}],"wp:term":[{"taxonomy":"product_cat","embeddable":true,"href":"https:\/\/www.ladymsardegna.com\/es\/wp-json\/wp\/v2\/product_cat?post=8859"},{"taxonomy":"product_tag","embeddable":true,"href":"https:\/\/www.ladymsardegna.com\/es\/wp-json\/wp\/v2\/product_tag?post=8859"}],"curies":[{"name":"wp","href":"https:\/\/api.w.org\/{rel}","templated":true}]}}