{"id":8700,"date":"2022-01-26T10:12:15","date_gmt":"2022-01-26T09:12:15","guid":{"rendered":"https:\/\/ladymsardegna.com\/?post_type=product&#038;p=8700"},"modified":"2022-01-31T17:08:38","modified_gmt":"2022-01-31T16:08:38","slug":"pulsera-bola-coral-bebe-plata-925","status":"publish","type":"product","link":"https:\/\/www.ladymsardegna.com\/es\/negozio\/gioielli-sardi\/corallo\/bracciale-palline-corallo-bambinoa-argento-925\/","title":{"rendered":"Pulsera infantil de plata Coral Beads 925%\u00b0\u00b0\u00b0\u00b0"},"content":{"rendered":"<p>&nbsp;<\/p>\n<p>Nos encanta ofrecer nuestros art\u00edculos de coral, cuidamos personalmente cada pieza en la elecci\u00f3n de la fabricaci\u00f3n y el cuidado de la ejecuci\u00f3n.<\/p>\n<p>Somos nosotros quienes las proponemos a los clientes, explic\u00e1ndoles la t\u00e9cnica empleada y los materiales elegidos en las fases de ejecuci\u00f3n. Contamos \"la pieza\" e intentamos satisfacer cualquier curiosidad sobre el coral,<\/p>\n<p>La joyer\u00eda sarda y su gran peso en la cultura y la fuerte identidad de Cerde\u00f1a. Por todas estas razones, el nuestro es un producto de nicho.<\/p>\n<p>Esta elecci\u00f3n nos permite mantener nuestra identidad artesanal y cuidar al m\u00e1ximo el aspecto art\u00edstico, centr\u00e1ndonos en la calidad y la originalidad de cada creaci\u00f3n.<\/p>\n<p>El objeto en venta es:<\/p>\n<p>original<\/p>\n<p>completo con caja y garant\u00eda si procede<\/p>\n<p>acompa\u00f1ado de un recibo o factura, previa solicitud<\/p>","protected":false},"excerpt":{"rendered":"<p><strong>Pulsera de la suerte de coral rojo:<\/strong><\/p>\n<ul>\n<li>Montado en 925%\u00b0 plata<\/li>\n<li>Pulsera con cierre de langosta<\/li>\n<li>Longitud de la pulsera 14 cm<\/li>\n<li>Di\u00e1metro de la bola 0,3 cm<\/li>\n<\/ul>","protected":false},"featured_media":8772,"comment_status":"open","ping_status":"closed","template":"","meta":[],"product_cat":[183,77],"product_tag":[],"class_list":{"0":"post-8700","1":"product","2":"type-product","3":"status-publish","4":"has-post-thumbnail","6":"product_cat-corallo","7":"product_cat-gioielli-sardi","9":"first","10":"instock","11":"shipping-taxable","12":"purchasable","13":"product-type-simple","14":"col-xs-6 col-sm-4","15":"col-md-3 col-lg-3","16":"un-4-cols"},"_links":{"self":[{"href":"https:\/\/www.ladymsardegna.com\/es\/wp-json\/wp\/v2\/product\/8700","targetHints":{"allow":["GET"]}}],"collection":[{"href":"https:\/\/www.ladymsardegna.com\/es\/wp-json\/wp\/v2\/product"}],"about":[{"href":"https:\/\/www.ladymsardegna.com\/es\/wp-json\/wp\/v2\/types\/product"}],"replies":[{"embeddable":true,"href":"https:\/\/www.ladymsardegna.com\/es\/wp-json\/wp\/v2\/comments?post=8700"}],"wp:featuredmedia":[{"embeddable":true,"href":"https:\/\/www.ladymsardegna.com\/es\/wp-json\/wp\/v2\/media\/8772"}],"wp:attachment":[{"href":"https:\/\/www.ladymsardegna.com\/es\/wp-json\/wp\/v2\/media?parent=8700"}],"wp:term":[{"taxonomy":"product_cat","embeddable":true,"href":"https:\/\/www.ladymsardegna.com\/es\/wp-json\/wp\/v2\/product_cat?post=8700"},{"taxonomy":"product_tag","embeddable":true,"href":"https:\/\/www.ladymsardegna.com\/es\/wp-json\/wp\/v2\/product_tag?post=8700"}],"curies":[{"name":"wp","href":"https:\/\/api.w.org\/{rel}","templated":true}]}}