{"id":8445,"date":"2022-01-26T10:10:38","date_gmt":"2022-01-26T09:10:38","guid":{"rendered":"https:\/\/ladymsardegna.com\/?post_type=product&#038;p=8445"},"modified":"2026-02-08T13:13:17","modified_gmt":"2026-02-08T12:13:17","slug":"pirata-bolsa-de-cuero-con-monedas-12cm","status":"publish","type":"product","link":"https:\/\/www.ladymsardegna.com\/es\/negozio\/repliche-armi\/accessori\/borsa-pirata-in-pelle-con-monete-12cm\/","title":{"rendered":"Bolsa pirata de cuero con monedas (12cm)"},"content":{"rendered":"<div class=\"describe\">\n<div class=\"titulo\">\n<h4>BOLSO DE CUERO CON MONEDAS<\/h4>\n<\/div>\n<div class=\"seccion grupo descripcion\">\n<div class=\"caja23 col\">\n<div id=\"galleria\">\n<div class=\"galleria-container notouch\">\n<div class=\"galleria-stage\">\n<div class=\"galleria-images\">\n<div class=\"galleria-image\">\n<div class=\"galleria-layer\"><\/div>\n<\/div>\n<div class=\"galleria-image\">Bolsa de cuero aut\u00e9ntico r\u00e9plica de monedas de la \u00e9poca pirata<\/div>\n<\/div>\n<\/div>\n<\/div>\n<\/div>\n<\/div>\n<\/div>\n<\/div>\n<p>&nbsp;<\/p>\n<p>&nbsp;<\/p>","protected":false},"excerpt":{"rendered":"<p><strong>Bolsa pirata con monedas<\/strong><\/p>\n<ul>\n<li>De cuero aut\u00e9ntico<\/li>\n<li>Tratamiento manual<\/li>\n<li>DIMENSIONES REALES 1:1<\/li>\n<li>Peso 96 G<\/li>\n<li>En su caja original<\/li>\n<li>Producci\u00f3n Denix Made in spain<\/li>\n<\/ul>","protected":false},"featured_media":8482,"comment_status":"open","ping_status":"closed","template":"","meta":[],"product_cat":[86,80],"product_tag":[84],"class_list":{"0":"post-8445","1":"product","2":"type-product","3":"status-publish","4":"has-post-thumbnail","6":"product_brand-denix","7":"product_cat-accessori","8":"product_cat-repliche-armi","9":"product_tag-denix","11":"first","12":"outofstock","13":"shipping-taxable","14":"purchasable","15":"product-type-simple","16":"col-xs-6 col-sm-4","17":"col-md-3 col-lg-3","18":"un-4-cols"},"_links":{"self":[{"href":"https:\/\/www.ladymsardegna.com\/es\/wp-json\/wp\/v2\/product\/8445","targetHints":{"allow":["GET"]}}],"collection":[{"href":"https:\/\/www.ladymsardegna.com\/es\/wp-json\/wp\/v2\/product"}],"about":[{"href":"https:\/\/www.ladymsardegna.com\/es\/wp-json\/wp\/v2\/types\/product"}],"replies":[{"embeddable":true,"href":"https:\/\/www.ladymsardegna.com\/es\/wp-json\/wp\/v2\/comments?post=8445"}],"wp:featuredmedia":[{"embeddable":true,"href":"https:\/\/www.ladymsardegna.com\/es\/wp-json\/wp\/v2\/media\/8482"}],"wp:attachment":[{"href":"https:\/\/www.ladymsardegna.com\/es\/wp-json\/wp\/v2\/media?parent=8445"}],"wp:term":[{"taxonomy":"product_cat","embeddable":true,"href":"https:\/\/www.ladymsardegna.com\/es\/wp-json\/wp\/v2\/product_cat?post=8445"},{"taxonomy":"product_tag","embeddable":true,"href":"https:\/\/www.ladymsardegna.com\/es\/wp-json\/wp\/v2\/product_tag?post=8445"}],"curies":[{"name":"wp","href":"https:\/\/api.w.org\/{rel}","templated":true}]}}