{"id":8444,"date":"2022-01-26T10:10:38","date_gmt":"2022-01-26T09:10:38","guid":{"rendered":"https:\/\/ladymsardegna.com\/?post_type=product&#038;p=8444"},"modified":"2024-04-12T12:05:15","modified_gmt":"2024-04-12T10:05:15","slug":"canon-napoleonico-1806-17cm","status":"publish","type":"product","link":"https:\/\/www.ladymsardegna.com\/es\/negozio\/repliche-armi\/cannone\/cannone-napoleonico-1806-17cm\/","title":{"rendered":"Ca\u00f1\u00f3n napole\u00f3nico 1806 (17 cm)"},"content":{"rendered":"<div class=\"caja23 col\">\n<div class=\"describe\">\n<p>Ca\u00f1\u00f3n utilizado por las tropas de Napole\u00f3n, fabricado por Gribeauval, 1806<\/p>\n<\/div>\n<div class=\"clearer\"><\/div>\n<\/div>\n<div class=\"caja4 col\">\n<div class=\"sticker\"><\/div>\n<\/div>\n<p>El objeto en venta es:<\/p>\n<p>original<\/p>\n<p>nuevo<\/p>\n<p>acompa\u00f1ado de un recibo o factura, previa solicitud<\/p>","protected":false},"excerpt":{"rendered":"<p><strong>Ca\u00f1\u00f3n napole\u00f3nico:\u00a0<\/strong><\/p>\n<ul>\n<li>De metal<\/li>\n<li>Dimensiones 17 cm<\/li>\n<li>Tratamiento manual<\/li>\n<li>En caja original<\/li>\n<li>Producci\u00f3n Denix Made in spain<\/li>\n<\/ul>","protected":false},"featured_media":8474,"comment_status":"open","ping_status":"closed","template":"","meta":[],"product_cat":[164,80],"product_tag":[],"class_list":{"0":"post-8444","1":"product","2":"type-product","3":"status-publish","4":"has-post-thumbnail","6":"product_brand-denix","7":"product_cat-cannone","8":"product_cat-repliche-armi","10":"first","11":"instock","12":"shipping-taxable","13":"purchasable","14":"product-type-simple","15":"col-xs-6 col-sm-4","16":"col-md-3 col-lg-3","17":"un-4-cols"},"_links":{"self":[{"href":"https:\/\/www.ladymsardegna.com\/es\/wp-json\/wp\/v2\/product\/8444","targetHints":{"allow":["GET"]}}],"collection":[{"href":"https:\/\/www.ladymsardegna.com\/es\/wp-json\/wp\/v2\/product"}],"about":[{"href":"https:\/\/www.ladymsardegna.com\/es\/wp-json\/wp\/v2\/types\/product"}],"replies":[{"embeddable":true,"href":"https:\/\/www.ladymsardegna.com\/es\/wp-json\/wp\/v2\/comments?post=8444"}],"wp:featuredmedia":[{"embeddable":true,"href":"https:\/\/www.ladymsardegna.com\/es\/wp-json\/wp\/v2\/media\/8474"}],"wp:attachment":[{"href":"https:\/\/www.ladymsardegna.com\/es\/wp-json\/wp\/v2\/media?parent=8444"}],"wp:term":[{"taxonomy":"product_cat","embeddable":true,"href":"https:\/\/www.ladymsardegna.com\/es\/wp-json\/wp\/v2\/product_cat?post=8444"},{"taxonomy":"product_tag","embeddable":true,"href":"https:\/\/www.ladymsardegna.com\/es\/wp-json\/wp\/v2\/product_tag?post=8444"}],"curies":[{"name":"wp","href":"https:\/\/api.w.org\/{rel}","templated":true}]}}