{"id":8404,"date":"2022-01-26T10:10:20","date_gmt":"2022-01-26T09:10:20","guid":{"rendered":"https:\/\/ladymsardegna.com\/?post_type=product&#038;p=8404"},"modified":"2024-05-29T09:57:15","modified_gmt":"2024-05-29T07:57:15","slug":"pulsera-elastica-de-piedras-preciosas-para-hombre-aventurina-mamuthones","status":"publish","type":"product","link":"https:\/\/www.ladymsardegna.com\/es\/negozio\/gioielli-sardi\/filigrana-sarda-argento\/bracciali-filigrana-sarda-argento\/bracciale-uomo-elastico-pietre-dure-avventurina-mamuthones\/","title":{"rendered":"Pulsera el\u00e1stica unisex con piedras semipreciosas naturales con Mamuthones"},"content":{"rendered":"<p>La filigrana sarda representa una artesan\u00eda fina, rica en historia y tradici\u00f3n, orgullo de Cerde\u00f1a, una isla rica en cultura y donde muchas tradiciones se han transmitido hasta nuestros d\u00edas y siguen vivas en las costumbres y pasiones de la gente.<\/p>\n<p>Llevar o regalar una pieza de joyer\u00eda tradicional sarda, ya sea de oro, plata o filigrana, significa testimoniar con fuerza la pertenencia a esta tierra, ya sea real o simplemente compartiendo los valores y la historia que representan estos objetos preciosos, para comunicar la propia identidad.<\/p>\n<p>El trabajo de filigrana sardo tiene or\u00edgenes ancestrales y es un talento custodiado por generaciones de artesanos que a\u00fan utilizan sus manos para crear estas joyas \u00fanicas, ricas en significado e historia.<\/p>","protected":false},"excerpt":{"rendered":"<p>Mamuthones pulsera el\u00e1stica de los hombres :<\/p>\n<ul>\n<li>De plata 800%\u00b0\u00b0\u00b0\u00b0<\/li>\n<li>Artesan\u00eda sarda en fundici\u00f3n a la cera perdida<\/li>\n<li>Dimensiones de los mamuthones 1,5 x 1 cm<\/li>\n<li>Piedra dura natural<\/li>\n<\/ul>","protected":false},"featured_media":16358,"comment_status":"open","ping_status":"closed","template":"","meta":[],"product_cat":[177,182,104,77],"product_tag":[],"class_list":{"0":"post-8404","1":"product","2":"type-product","3":"status-publish","4":"has-post-thumbnail","6":"product_brand-filutrama","7":"product_cat-bracciali-gioielli","8":"product_cat-bracciali-filigrana-sarda-argento","9":"product_cat-filigrana-sarda-argento","10":"product_cat-gioielli-sardi","12":"first","13":"instock","14":"shipping-taxable","15":"purchasable","16":"product-type-variable","17":"col-xs-6 col-sm-4","18":"col-md-3 col-lg-3","19":"un-4-cols"},"_links":{"self":[{"href":"https:\/\/www.ladymsardegna.com\/es\/wp-json\/wp\/v2\/product\/8404","targetHints":{"allow":["GET"]}}],"collection":[{"href":"https:\/\/www.ladymsardegna.com\/es\/wp-json\/wp\/v2\/product"}],"about":[{"href":"https:\/\/www.ladymsardegna.com\/es\/wp-json\/wp\/v2\/types\/product"}],"replies":[{"embeddable":true,"href":"https:\/\/www.ladymsardegna.com\/es\/wp-json\/wp\/v2\/comments?post=8404"}],"wp:featuredmedia":[{"embeddable":true,"href":"https:\/\/www.ladymsardegna.com\/es\/wp-json\/wp\/v2\/media\/16358"}],"wp:attachment":[{"href":"https:\/\/www.ladymsardegna.com\/es\/wp-json\/wp\/v2\/media?parent=8404"}],"wp:term":[{"taxonomy":"product_cat","embeddable":true,"href":"https:\/\/www.ladymsardegna.com\/es\/wp-json\/wp\/v2\/product_cat?post=8404"},{"taxonomy":"product_tag","embeddable":true,"href":"https:\/\/www.ladymsardegna.com\/es\/wp-json\/wp\/v2\/product_tag?post=8404"}],"curies":[{"name":"wp","href":"https:\/\/api.w.org\/{rel}","templated":true}]}}