{"id":7758,"date":"2022-01-26T10:06:47","date_gmt":"2022-01-26T09:06:47","guid":{"rendered":"https:\/\/ladymsardegna.com\/?post_type=product&#038;p=7758"},"modified":"2022-01-31T17:07:55","modified_gmt":"2022-01-31T16:07:55","slug":"pistola-de-fogueo-walther-modelo-p-38-8-mm-con-50-cartuchos","status":"publish","type":"product","link":"https:\/\/www.ladymsardegna.com\/es\/negozio\/repliche-armi\/pistole-a-salve\/pistola-a-salve-modello-walther-p-38-8-mm-con-50-cartucce\/","title":{"rendered":"Pistola de fogueo Walther P.38 8 mm con 50 cartuchos"},"content":{"rendered":"<p>Pistolas Bruni fabricadas en Italia<\/p>\n<p>R\u00e9plica de una Walther P.38, es una pistola semiautom\u00e1tica de acci\u00f3n simple, robusta y fiable, accionada por retroceso directo y alimentada por un cargador de 10 cartuchos del calibre 8.<\/p>\n<p>&nbsp;<\/p>\n<p>&nbsp;<\/p>","protected":false},"excerpt":{"rendered":"<p><strong>Pistola de fogueo Bruni :<\/strong><\/p>\n<ul>\n<li>De metal<\/li>\n<li>Dimensiones 21 cm<\/li>\n<li>Tratamiento manual<\/li>\n<li>DIMENSIONES REALES 1:1<\/li>\n<li>Peso 1000 kg<\/li>\n<li>Embalado en su caja original<\/li>\n<li>Producci\u00f3n marr\u00f3n Made in Italy<\/li>\n<li>incluidos 50 cartuchos de fogueo de 8 mm<\/li>\n<\/ul>\n<p>&nbsp;<\/p>","protected":false},"featured_media":7795,"comment_status":"open","ping_status":"closed","template":"","meta":[],"product_cat":[279,80],"product_tag":[280],"class_list":{"0":"post-7758","1":"product","2":"type-product","3":"status-publish","4":"has-post-thumbnail","6":"product_cat-pistole-a-salve","7":"product_cat-repliche-armi","8":"product_tag-pistola-a-salve","10":"first","11":"outofstock","12":"shipping-taxable","13":"purchasable","14":"product-type-simple","15":"col-xs-6 col-sm-4","16":"col-md-3 col-lg-3","17":"un-4-cols"},"_links":{"self":[{"href":"https:\/\/www.ladymsardegna.com\/es\/wp-json\/wp\/v2\/product\/7758","targetHints":{"allow":["GET"]}}],"collection":[{"href":"https:\/\/www.ladymsardegna.com\/es\/wp-json\/wp\/v2\/product"}],"about":[{"href":"https:\/\/www.ladymsardegna.com\/es\/wp-json\/wp\/v2\/types\/product"}],"replies":[{"embeddable":true,"href":"https:\/\/www.ladymsardegna.com\/es\/wp-json\/wp\/v2\/comments?post=7758"}],"wp:featuredmedia":[{"embeddable":true,"href":"https:\/\/www.ladymsardegna.com\/es\/wp-json\/wp\/v2\/media\/7795"}],"wp:attachment":[{"href":"https:\/\/www.ladymsardegna.com\/es\/wp-json\/wp\/v2\/media?parent=7758"}],"wp:term":[{"taxonomy":"product_cat","embeddable":true,"href":"https:\/\/www.ladymsardegna.com\/es\/wp-json\/wp\/v2\/product_cat?post=7758"},{"taxonomy":"product_tag","embeddable":true,"href":"https:\/\/www.ladymsardegna.com\/es\/wp-json\/wp\/v2\/product_tag?post=7758"}],"curies":[{"name":"wp","href":"https:\/\/api.w.org\/{rel}","templated":true}]}}