{"id":7747,"date":"2022-01-26T10:06:46","date_gmt":"2022-01-26T09:06:46","guid":{"rendered":"https:\/\/ladymsardegna.com\/?post_type=product&#038;p=7747"},"modified":"2022-12-13T20:37:02","modified_gmt":"2022-12-13T19:37:02","slug":"bolso-femenino-de-corcho-natural-con-bandolera","status":"publish","type":"product","link":"https:\/\/www.ladymsardegna.com\/es\/negozio\/borse-in-sughero\/donna\/borsetta-in-sughero-naturale-da-donna-con-tracolla\/","title":{"rendered":"Bolso de mujer de corcho natural con bandolera"},"content":{"rendered":"<p>Bolso de corcho natural con llamativos estampados<\/p>\n<p>Material de corcho de la m\u00e1s alta calidad en una t\u00e9cnica de procesamiento y montaje de \u00faltima tecnolog\u00eda<\/p>\n<p><strong>El objeto en venta es:<\/strong><\/p>\n<ul>\n<li>original<\/li>\n<li>nuevo<\/li>\n<li>acompa\u00f1ado de un recibo o factura, previa solicitud<\/li>\n<\/ul>","protected":false},"excerpt":{"rendered":"<p><strong>Bolso de mujer de corcho :<\/strong><\/p>\n<ul>\n<li>De corcho y tejido interior<\/li>\n<li>Dimensiones 23 x 8 xH 18,5 cm<\/li>\n<li>Cierre de cremallera o clip<\/li>\n<\/ul>","protected":false},"featured_media":13165,"comment_status":"open","ping_status":"closed","template":"","meta":[],"product_cat":[232,233],"product_tag":[278],"class_list":{"0":"post-7747","1":"product","2":"type-product","3":"status-publish","4":"has-post-thumbnail","6":"product_cat-borse-in-sughero","7":"product_cat-donna","8":"product_tag-borsa","10":"first","11":"outofstock","12":"shipping-taxable","13":"purchasable","14":"product-type-simple","15":"col-xs-6 col-sm-4","16":"col-md-3 col-lg-3","17":"un-4-cols"},"_links":{"self":[{"href":"https:\/\/www.ladymsardegna.com\/es\/wp-json\/wp\/v2\/product\/7747","targetHints":{"allow":["GET"]}}],"collection":[{"href":"https:\/\/www.ladymsardegna.com\/es\/wp-json\/wp\/v2\/product"}],"about":[{"href":"https:\/\/www.ladymsardegna.com\/es\/wp-json\/wp\/v2\/types\/product"}],"replies":[{"embeddable":true,"href":"https:\/\/www.ladymsardegna.com\/es\/wp-json\/wp\/v2\/comments?post=7747"}],"wp:featuredmedia":[{"embeddable":true,"href":"https:\/\/www.ladymsardegna.com\/es\/wp-json\/wp\/v2\/media\/13165"}],"wp:attachment":[{"href":"https:\/\/www.ladymsardegna.com\/es\/wp-json\/wp\/v2\/media?parent=7747"}],"wp:term":[{"taxonomy":"product_cat","embeddable":true,"href":"https:\/\/www.ladymsardegna.com\/es\/wp-json\/wp\/v2\/product_cat?post=7747"},{"taxonomy":"product_tag","embeddable":true,"href":"https:\/\/www.ladymsardegna.com\/es\/wp-json\/wp\/v2\/product_tag?post=7747"}],"curies":[{"name":"wp","href":"https:\/\/api.w.org\/{rel}","templated":true}]}}