{"id":7703,"date":"2022-01-26T10:06:35","date_gmt":"2022-01-26T09:06:35","guid":{"rendered":"https:\/\/ladymsardegna.com\/?post_type=product&#038;p=7703"},"modified":"2025-07-20T16:54:30","modified_gmt":"2025-07-20T14:54:30","slug":"panera-mediana-sarda-de-rafia-carasau","status":"publish","type":"product","link":"https:\/\/www.ladymsardegna.com\/es\/negozio\/cesti-cestini\/cesto-medio-portapane-carasau-sardo-rafia-intrecciata-medio\/","title":{"rendered":"Cesta de pan mediana Carasau tejida en rafia de Cerde\u00f1a"},"content":{"rendered":"<p><strong> \u00a0 STILESARDO<\/strong><\/p>\n<p>La tejedur\u00eda en Cerde\u00f1a ha sido una de las principales actividades del hombre desde la antig\u00fcedad. La isla, tierra rica en materias primas, ha sido siempre la cuna perfecta para el desarrollo del trabajo del tejido destinado a crear recipientes r\u00fasticos de todo tipo.<\/p>\n<p>Sennori, el centro m\u00e1s importante de Romangia, cuenta con una gran tradici\u00f3n en la fabricaci\u00f3n de cestas, cestos y canastos de diversos tama\u00f1os, con o sin tapa. Estos recipientes se utilizaban para guardar o transportar alimentos (pan, dulces, fruta) y objetos (por ejemplo, ovillos de lana, agujas, alfileres, hilo, etc.).<\/p>\n<p>Nuestra cester\u00eda, estrictamente artesanal, conserva las antiguas tradiciones, donde la delicadeza de los colores, la particularidad de las formas y la atenci\u00f3n a los detalles garantizan la calidad y el respeto de la tradici\u00f3n artesanal de nuestra isla.<\/p>\n<p>El objeto en venta es:<\/p>\n<p>original<\/p>\n<p>nuevo<\/p>\n<p>acompa\u00f1ado de un recibo o factura, previa solicitud<\/p>","protected":false},"excerpt":{"rendered":"<p><strong>Panera de Carasau :<\/strong><\/p>\n<ul>\n<li>Dimensiones 44 x 25 cm<\/li>\n<li>Tejido totalmente a mano<\/li>\n<li>Material Rafia de colores<\/li>\n<\/ul>","protected":false},"featured_media":7736,"comment_status":"open","ping_status":"closed","template":"","meta":[],"product_cat":[107],"product_tag":[120,121,108],"class_list":{"0":"post-7703","1":"product","2":"type-product","3":"status-publish","4":"has-post-thumbnail","6":"product_cat-cesti-cestini","7":"product_tag-carasau","8":"product_tag-portapane","9":"product_tag-stilesardo","11":"first","12":"instock","13":"shipping-taxable","14":"purchasable","15":"product-type-simple","16":"col-xs-6 col-sm-4","17":"col-md-3 col-lg-3","18":"un-4-cols"},"_links":{"self":[{"href":"https:\/\/www.ladymsardegna.com\/es\/wp-json\/wp\/v2\/product\/7703","targetHints":{"allow":["GET"]}}],"collection":[{"href":"https:\/\/www.ladymsardegna.com\/es\/wp-json\/wp\/v2\/product"}],"about":[{"href":"https:\/\/www.ladymsardegna.com\/es\/wp-json\/wp\/v2\/types\/product"}],"replies":[{"embeddable":true,"href":"https:\/\/www.ladymsardegna.com\/es\/wp-json\/wp\/v2\/comments?post=7703"}],"wp:featuredmedia":[{"embeddable":true,"href":"https:\/\/www.ladymsardegna.com\/es\/wp-json\/wp\/v2\/media\/7736"}],"wp:attachment":[{"href":"https:\/\/www.ladymsardegna.com\/es\/wp-json\/wp\/v2\/media?parent=7703"}],"wp:term":[{"taxonomy":"product_cat","embeddable":true,"href":"https:\/\/www.ladymsardegna.com\/es\/wp-json\/wp\/v2\/product_cat?post=7703"},{"taxonomy":"product_tag","embeddable":true,"href":"https:\/\/www.ladymsardegna.com\/es\/wp-json\/wp\/v2\/product_tag?post=7703"}],"curies":[{"name":"wp","href":"https:\/\/api.w.org\/{rel}","templated":true}]}}