{"id":7635,"date":"2022-01-26T10:06:09","date_gmt":"2022-01-26T09:06:09","guid":{"rendered":"https:\/\/ladymsardegna.com\/?post_type=product&#038;p=7635"},"modified":"2024-09-29T09:46:53","modified_gmt":"2024-09-29T07:46:53","slug":"concha-natural-19-cm-mar-cassis-cornuta-pequena","status":"publish","type":"product","link":"https:\/\/www.ladymsardegna.com\/es\/negozio\/arredamento\/linea-mare\/conchiglia-naturale-19-cm-mare-cassis-cornuta-piccola\/","title":{"rendered":"Concha Natural 19 cm mar CASSIS CORNUTA peque\u00f1a"},"content":{"rendered":"<p>Concha de mar tropical oc\u00e9ano peque\u00f1o tama\u00f1o peso 0,800 kg L\u00ednea de mar<\/p>\n<p>El objeto en venta es:<\/p>\n<ul>\n<li>original<\/li>\n<li>nuevo<\/li>\n<li>acompa\u00f1ado de un recibo o factura, previa solicitud<\/li>\n<\/ul>","protected":false},"excerpt":{"rendered":"<p><strong>Concha natural :<\/strong><\/p>\n<ul>\n<li>Nombre de la concha CASSIS CORNUTA<\/li>\n<li>Dimensiones 20 x 18 x h15 cm<\/li>\n<li>Peso de la carcasa 0,800 kg<\/li>\n<\/ul>","protected":false},"featured_media":11476,"comment_status":"open","ping_status":"closed","template":"","meta":[],"product_cat":[78,160],"product_tag":[],"class_list":{"0":"post-7635","1":"product","2":"type-product","3":"status-publish","4":"has-post-thumbnail","6":"product_cat-arredamento","7":"product_cat-linea-mare","9":"first","10":"outofstock","11":"shipping-taxable","12":"purchasable","13":"product-type-simple","14":"col-xs-6 col-sm-4","15":"col-md-3 col-lg-3","16":"un-4-cols"},"_links":{"self":[{"href":"https:\/\/www.ladymsardegna.com\/es\/wp-json\/wp\/v2\/product\/7635","targetHints":{"allow":["GET"]}}],"collection":[{"href":"https:\/\/www.ladymsardegna.com\/es\/wp-json\/wp\/v2\/product"}],"about":[{"href":"https:\/\/www.ladymsardegna.com\/es\/wp-json\/wp\/v2\/types\/product"}],"replies":[{"embeddable":true,"href":"https:\/\/www.ladymsardegna.com\/es\/wp-json\/wp\/v2\/comments?post=7635"}],"wp:featuredmedia":[{"embeddable":true,"href":"https:\/\/www.ladymsardegna.com\/es\/wp-json\/wp\/v2\/media\/11476"}],"wp:attachment":[{"href":"https:\/\/www.ladymsardegna.com\/es\/wp-json\/wp\/v2\/media?parent=7635"}],"wp:term":[{"taxonomy":"product_cat","embeddable":true,"href":"https:\/\/www.ladymsardegna.com\/es\/wp-json\/wp\/v2\/product_cat?post=7635"},{"taxonomy":"product_tag","embeddable":true,"href":"https:\/\/www.ladymsardegna.com\/es\/wp-json\/wp\/v2\/product_tag?post=7635"}],"curies":[{"name":"wp","href":"https:\/\/api.w.org\/{rel}","templated":true}]}}