{"id":7592,"date":"2022-01-26T10:05:50","date_gmt":"2022-01-26T09:05:50","guid":{"rendered":"https:\/\/ladymsardegna.com\/?post_type=product&#038;p=7592"},"modified":"2025-11-21T07:58:47","modified_gmt":"2025-11-21T06:58:47","slug":"colgante-de-plata-sharm-montanas-de-cerdena","status":"publish","type":"product","link":"https:\/\/www.ladymsardegna.com\/es\/negozio\/gioielli-sardi\/filigrana-sarda-argento\/ciondoli\/ciondolo-sharm-sardegna-montagne-in-argento\/","title":{"rendered":"Colgante Charm Cerde\u00f1a Monta\u00f1as Plata filu&amp;trama"},"content":{"rendered":"<p>&nbsp;<\/p>\n<p>Colgante de plata 800%\u00b0\u00b0 que representa el contorno de Cerde\u00f1a y sus provincias o con el sistema monta\u00f1oso Creado en varios tama\u00f1os peque\u00f1o mediano y grande.<\/p>\n<p>Es posible tenerlo en 3 dimensiones .<\/p>\n<p>El objeto en venta es:<\/p>\n<ul>\n<li>original<\/li>\n<li>completo con caja y garant\u00eda si procede<\/li>\n<li>acompa\u00f1ado de un recibo o factura, previa solicitud<\/li>\n<\/ul>","protected":false},"excerpt":{"rendered":"<p>Colgante Cerde\u00f1a chapado en oro:<\/p>\n<p>De plata dorada 800<br \/>\nArtesan\u00eda sarda en fundici\u00f3n a la cera perdida<br \/>\nDimensiones del colgante Grande h 3,4 x 1,4 cm<br \/>\nColgante Mediano h 3 x 1,2 cm<br \/>\nColgante peque\u00f1o H 2,6 x 1 cm<\/p>","protected":false},"featured_media":13906,"comment_status":"open","ping_status":"closed","template":"","meta":[],"product_cat":[189,104],"product_tag":[106],"class_list":{"0":"post-7592","1":"product","2":"type-product","3":"status-publish","4":"has-post-thumbnail","6":"product_brand-filutrama","7":"product_cat-ciondoli","8":"product_cat-filigrana-sarda-argento","9":"product_tag-filutrama","11":"first","12":"instock","13":"shipping-taxable","14":"purchasable","15":"product-type-variable","16":"col-xs-6 col-sm-4","17":"col-md-3 col-lg-3","18":"un-4-cols"},"_links":{"self":[{"href":"https:\/\/www.ladymsardegna.com\/es\/wp-json\/wp\/v2\/product\/7592","targetHints":{"allow":["GET"]}}],"collection":[{"href":"https:\/\/www.ladymsardegna.com\/es\/wp-json\/wp\/v2\/product"}],"about":[{"href":"https:\/\/www.ladymsardegna.com\/es\/wp-json\/wp\/v2\/types\/product"}],"replies":[{"embeddable":true,"href":"https:\/\/www.ladymsardegna.com\/es\/wp-json\/wp\/v2\/comments?post=7592"}],"wp:featuredmedia":[{"embeddable":true,"href":"https:\/\/www.ladymsardegna.com\/es\/wp-json\/wp\/v2\/media\/13906"}],"wp:attachment":[{"href":"https:\/\/www.ladymsardegna.com\/es\/wp-json\/wp\/v2\/media?parent=7592"}],"wp:term":[{"taxonomy":"product_cat","embeddable":true,"href":"https:\/\/www.ladymsardegna.com\/es\/wp-json\/wp\/v2\/product_cat?post=7592"},{"taxonomy":"product_tag","embeddable":true,"href":"https:\/\/www.ladymsardegna.com\/es\/wp-json\/wp\/v2\/product_tag?post=7592"}],"curies":[{"name":"wp","href":"https:\/\/api.w.org\/{rel}","templated":true}]}}