{"id":7245,"date":"2022-01-26T10:03:46","date_gmt":"2022-01-26T09:03:46","guid":{"rendered":"https:\/\/ladymsardegna.com\/?post_type=product&#038;p=7245"},"modified":"2024-04-12T12:10:35","modified_gmt":"2024-04-12T10:10:35","slug":"hacha-francesa-siglo-xv-70-cm-denix","status":"publish","type":"product","link":"https:\/\/www.ladymsardegna.com\/es\/negozio\/repliche-armi\/spada\/ascia-francese-secolo-xv-70-cm-denix\/","title":{"rendered":"Hacha francesa del siglo XVII ( 70 cm) DENIX"},"content":{"rendered":"<p>Hacha de brazo de la infanter\u00eda francesa, era un arma corta de entre 50 y 80 cm, que ten\u00eda un mango de madera. Su cabeza armada estaba formada por una hoja vertical y una hoja de hacha, m\u00e1s ligera de lo normal.<\/p>\n<p>Reproducci\u00f3n de un hacha, de metal y madera.<\/p>\n<p>El objeto en venta es:<\/p>\n<p>original<\/p>\n<p>nuevo<\/p>\n<p>acompa\u00f1ado de un recibo o factura, previa solicitud<\/p>","protected":false},"excerpt":{"rendered":"<p><strong>Hacha vikinga siglo :\u00a0<\/strong><\/p>\n<ul>\n<li>De metal y madera<\/li>\n<li>Dimensiones 70 cm Peso 930 G<\/li>\n<li>Cuchilla mal afilada<\/li>\n<li>manualidades<\/li>\n<li>DIMENSIONES REALES 1:1<\/li>\n<li>En caja original<\/li>\n<li>Producci\u00f3n Denix Made in spain<\/li>\n<\/ul>","protected":false},"featured_media":7292,"comment_status":"open","ping_status":"closed","template":"","meta":[],"product_cat":[80,166],"product_tag":[],"class_list":{"0":"post-7245","1":"product","2":"type-product","3":"status-publish","4":"has-post-thumbnail","6":"product_brand-denix","7":"product_cat-repliche-armi","8":"product_cat-spada","10":"first","11":"outofstock","12":"shipping-taxable","13":"purchasable","14":"product-type-simple","15":"col-xs-6 col-sm-4","16":"col-md-3 col-lg-3","17":"un-4-cols"},"_links":{"self":[{"href":"https:\/\/www.ladymsardegna.com\/es\/wp-json\/wp\/v2\/product\/7245","targetHints":{"allow":["GET"]}}],"collection":[{"href":"https:\/\/www.ladymsardegna.com\/es\/wp-json\/wp\/v2\/product"}],"about":[{"href":"https:\/\/www.ladymsardegna.com\/es\/wp-json\/wp\/v2\/types\/product"}],"replies":[{"embeddable":true,"href":"https:\/\/www.ladymsardegna.com\/es\/wp-json\/wp\/v2\/comments?post=7245"}],"wp:featuredmedia":[{"embeddable":true,"href":"https:\/\/www.ladymsardegna.com\/es\/wp-json\/wp\/v2\/media\/7292"}],"wp:attachment":[{"href":"https:\/\/www.ladymsardegna.com\/es\/wp-json\/wp\/v2\/media?parent=7245"}],"wp:term":[{"taxonomy":"product_cat","embeddable":true,"href":"https:\/\/www.ladymsardegna.com\/es\/wp-json\/wp\/v2\/product_cat?post=7245"},{"taxonomy":"product_tag","embeddable":true,"href":"https:\/\/www.ladymsardegna.com\/es\/wp-json\/wp\/v2\/product_tag?post=7245"}],"curies":[{"name":"wp","href":"https:\/\/api.w.org\/{rel}","templated":true}]}}