{"id":7234,"date":"2022-01-26T10:03:44","date_gmt":"2022-01-26T09:03:44","guid":{"rendered":"https:\/\/ladymsardegna.com\/?post_type=product&#038;p=7234"},"modified":"2022-01-31T17:07:36","modified_gmt":"2022-01-31T16:07:36","slug":"pistola-automatica-45-m1911a1-culata-de-madera-denix","status":"publish","type":"product","link":"https:\/\/www.ladymsardegna.com\/es\/negozio\/repliche-armi\/pistola\/pistola-automatica-45-m1911a1-calcio-in-legno-denix\/","title":{"rendered":"PISTOLA AUTOMATICA .45 M1911A1 culata de madera Denix"},"content":{"rendered":"<p>IMPRESIONANTES R\u00c9PLICAS INERTES, CON PESO Y DIMENSIONES REALES,<\/p>\n<p>MECANISMOS FUNCIONALES, CONSTRUIDOS CON MATERIALES SIMILARES A LOS ORIGINALES<\/p>\n<p>La M1911 es una pistola semiautom\u00e1tica de acci\u00f3n simple, robusta y fiable, accionada por retroceso directo y alimentada por un cargador de hilera de cartuchos del calibre 7,45. Fue dise\u00f1ada para uso militar por John M. Browning, quien tambi\u00e9n dise\u00f1\u00f3 el cartucho apropiado para el arma, el .45 ACP.<\/p>\n<p>&nbsp;<\/p>\n<p>&nbsp;<\/p>","protected":false},"excerpt":{"rendered":"<p><strong>Pistola BERETTA 98F :<\/strong><\/p>\n<ul>\n<li>De metal y madera<\/li>\n<li>Dimensiones 24 cm<\/li>\n<li>Tratamiento manual<\/li>\n<li>DIMENSIONES REALES 1:1<\/li>\n<li>Peso 920 kg<\/li>\n<li>En su caja original<\/li>\n<li>Producci\u00f3n Denix Made in spain<\/li>\n<\/ul>\n<p>&nbsp;<\/p>","protected":false},"featured_media":7264,"comment_status":"open","ping_status":"closed","template":"","meta":[],"product_cat":[81,80],"product_tag":[84],"class_list":{"0":"post-7234","1":"product","2":"type-product","3":"status-publish","4":"has-post-thumbnail","6":"product_brand-denix","7":"product_cat-pistola","8":"product_cat-repliche-armi","9":"product_tag-denix","11":"first","12":"outofstock","13":"shipping-taxable","14":"purchasable","15":"product-type-simple","16":"col-xs-6 col-sm-4","17":"col-md-3 col-lg-3","18":"un-4-cols"},"_links":{"self":[{"href":"https:\/\/www.ladymsardegna.com\/es\/wp-json\/wp\/v2\/product\/7234","targetHints":{"allow":["GET"]}}],"collection":[{"href":"https:\/\/www.ladymsardegna.com\/es\/wp-json\/wp\/v2\/product"}],"about":[{"href":"https:\/\/www.ladymsardegna.com\/es\/wp-json\/wp\/v2\/types\/product"}],"replies":[{"embeddable":true,"href":"https:\/\/www.ladymsardegna.com\/es\/wp-json\/wp\/v2\/comments?post=7234"}],"wp:featuredmedia":[{"embeddable":true,"href":"https:\/\/www.ladymsardegna.com\/es\/wp-json\/wp\/v2\/media\/7264"}],"wp:attachment":[{"href":"https:\/\/www.ladymsardegna.com\/es\/wp-json\/wp\/v2\/media?parent=7234"}],"wp:term":[{"taxonomy":"product_cat","embeddable":true,"href":"https:\/\/www.ladymsardegna.com\/es\/wp-json\/wp\/v2\/product_cat?post=7234"},{"taxonomy":"product_tag","embeddable":true,"href":"https:\/\/www.ladymsardegna.com\/es\/wp-json\/wp\/v2\/product_tag?post=7234"}],"curies":[{"name":"wp","href":"https:\/\/api.w.org\/{rel}","templated":true}]}}