{"id":7231,"date":"2022-01-26T10:03:44","date_gmt":"2022-01-26T09:03:44","guid":{"rendered":"https:\/\/ladymsardegna.com\/?post_type=product&#038;p=7231"},"modified":"2024-07-04T18:03:43","modified_gmt":"2024-07-04T16:03:43","slug":"soporte-de-madera-especifico-para-pistola-revolver-colt","status":"publish","type":"product","link":"https:\/\/www.ladymsardegna.com\/es\/negozio\/repliche-armi\/accessori\/supporto-in-legno-specifico-per-pistola-colt-revolver\/","title":{"rendered":"soporte de madera espec\u00edfico para pistola COLT REVOLVER"},"content":{"rendered":"<p>&nbsp;<\/p>\n<p>Soporte de madera espec\u00edfico para rev\u00f3lveres Colt para una exposici\u00f3n \u00f3ptima del arma<\/p>\n<p>&nbsp;<\/p>","protected":false},"excerpt":{"rendered":"<p><strong>soporte para pistola COLT :<\/strong><\/p>\n<p>De madera<\/p>\n<p>Dimensiones 33 cm<\/p>\n<p>Peso 270 g<\/p>\n<p>Tratamiento manual<\/p>\n<p>En su caja original<\/p>\n<p>Producci\u00f3n Denix Made in spain<\/p>","protected":false},"featured_media":7259,"comment_status":"open","ping_status":"closed","template":"","meta":[],"product_cat":[86,80],"product_tag":[],"class_list":{"0":"post-7231","1":"product","2":"type-product","3":"status-publish","4":"has-post-thumbnail","6":"product_brand-denix","7":"product_cat-accessori","8":"product_cat-repliche-armi","10":"first","11":"instock","12":"shipping-taxable","13":"purchasable","14":"product-type-simple","15":"col-xs-6 col-sm-4","16":"col-md-3 col-lg-3","17":"un-4-cols"},"_links":{"self":[{"href":"https:\/\/www.ladymsardegna.com\/es\/wp-json\/wp\/v2\/product\/7231","targetHints":{"allow":["GET"]}}],"collection":[{"href":"https:\/\/www.ladymsardegna.com\/es\/wp-json\/wp\/v2\/product"}],"about":[{"href":"https:\/\/www.ladymsardegna.com\/es\/wp-json\/wp\/v2\/types\/product"}],"replies":[{"embeddable":true,"href":"https:\/\/www.ladymsardegna.com\/es\/wp-json\/wp\/v2\/comments?post=7231"}],"wp:featuredmedia":[{"embeddable":true,"href":"https:\/\/www.ladymsardegna.com\/es\/wp-json\/wp\/v2\/media\/7259"}],"wp:attachment":[{"href":"https:\/\/www.ladymsardegna.com\/es\/wp-json\/wp\/v2\/media?parent=7231"}],"wp:term":[{"taxonomy":"product_cat","embeddable":true,"href":"https:\/\/www.ladymsardegna.com\/es\/wp-json\/wp\/v2\/product_cat?post=7231"},{"taxonomy":"product_tag","embeddable":true,"href":"https:\/\/www.ladymsardegna.com\/es\/wp-json\/wp\/v2\/product_tag?post=7231"}],"curies":[{"name":"wp","href":"https:\/\/api.w.org\/{rel}","templated":true}]}}