{"id":7023,"date":"2022-01-26T10:02:26","date_gmt":"2022-01-26T09:02:26","guid":{"rendered":"https:\/\/ladymsardegna.com\/?post_type=product&#038;p=7023"},"modified":"2024-04-12T12:23:10","modified_gmt":"2024-04-12T10:23:10","slug":"ametralladora-mp41-9mm-alemania-1940-86cm","status":"publish","type":"product","link":"https:\/\/www.ladymsardegna.com\/es\/negozio\/repliche-armi\/fucili\/mitragliatrice-mp41-9mm-germania-1940-86cm\/","title":{"rendered":"MITRAGLIATRICE MP41 9mm , alemania 1940 (86cm)"},"content":{"rendered":"<div class=\"describe\">\n<p><strong>Ametralladora MP41, 9 mm, Alemania 1940 (Segunda Guerra Mundial). <\/strong><\/p>\n<p><strong>Con correa de cuero.<\/strong><\/p>\n<\/div>\n<p>Reproducci\u00f3n de ametralladora, fabricada en metal, con mecanismo simulador de carga y disparo, seguro de cubierta m\u00f3vil, cargador extra\u00edble y culata retr\u00e1ctil de doble posici\u00f3n.<\/p>\n<p>Inerte y no funcional<\/p>\n<p>&nbsp;<\/p>","protected":false},"excerpt":{"rendered":"<p><strong>Sierra ingletadora MP41 de 9 mm<\/strong><\/p>\n<ul>\n<li>De metal<\/li>\n<li>Dimensiones 86 cm<\/li>\n<li>Tratamiento manual<\/li>\n<li>DIMENSIONES REALES 1:1<\/li>\n<li>Peso 3.235 g<\/li>\n<li>En su caja original<\/li>\n<li>Producci\u00f3n Denix Made in spain<\/li>\n<li>Rifle inerte no funciona<\/li>\n<\/ul>","protected":false},"featured_media":7106,"comment_status":"open","ping_status":"closed","template":"","meta":[],"product_cat":[82,80],"product_tag":[84],"class_list":{"0":"post-7023","1":"product","2":"type-product","3":"status-publish","4":"has-post-thumbnail","6":"product_brand-denix","7":"product_cat-fucili","8":"product_cat-repliche-armi","9":"product_tag-denix","11":"first","12":"instock","13":"shipping-taxable","14":"purchasable","15":"product-type-simple","16":"col-xs-6 col-sm-4","17":"col-md-3 col-lg-3","18":"un-4-cols"},"_links":{"self":[{"href":"https:\/\/www.ladymsardegna.com\/es\/wp-json\/wp\/v2\/product\/7023","targetHints":{"allow":["GET"]}}],"collection":[{"href":"https:\/\/www.ladymsardegna.com\/es\/wp-json\/wp\/v2\/product"}],"about":[{"href":"https:\/\/www.ladymsardegna.com\/es\/wp-json\/wp\/v2\/types\/product"}],"replies":[{"embeddable":true,"href":"https:\/\/www.ladymsardegna.com\/es\/wp-json\/wp\/v2\/comments?post=7023"}],"wp:featuredmedia":[{"embeddable":true,"href":"https:\/\/www.ladymsardegna.com\/es\/wp-json\/wp\/v2\/media\/7106"}],"wp:attachment":[{"href":"https:\/\/www.ladymsardegna.com\/es\/wp-json\/wp\/v2\/media?parent=7023"}],"wp:term":[{"taxonomy":"product_cat","embeddable":true,"href":"https:\/\/www.ladymsardegna.com\/es\/wp-json\/wp\/v2\/product_cat?post=7023"},{"taxonomy":"product_tag","embeddable":true,"href":"https:\/\/www.ladymsardegna.com\/es\/wp-json\/wp\/v2\/product_tag?post=7023"}],"curies":[{"name":"wp","href":"https:\/\/api.w.org\/{rel}","templated":true}]}}