{"id":7021,"date":"2022-01-26T10:02:25","date_gmt":"2022-01-26T09:02:25","guid":{"rendered":"https:\/\/ladymsardegna.com\/?post_type=product&#038;p=7021"},"modified":"2024-04-12T12:29:14","modified_gmt":"2024-04-12T10:29:14","slug":"ametralladora-m3-calibre-45-grease-gun-usa-1942-2agm","status":"publish","type":"product","link":"https:\/\/www.ladymsardegna.com\/es\/negozio\/repliche-armi\/fucili\/mitragliatrice-m3-calibro-45-grease-gun-usa-1942-2agm\/","title":{"rendered":"AMETRALLADORA M3 CALIBRE .45 'GREASE GUN' USA 1942 (2ND GM)"},"content":{"rendered":"<p><strong>AMETRALLADORA M3 CALIBRE .45 'GREASE GUN' USA 1942<\/strong><\/p>\n<p>Reproducci\u00f3n de ametralladora, fabricada en metal, con mecanismo simulador de carga y disparo, seguro de cubierta m\u00f3vil, cargador extra\u00edble y culata retr\u00e1ctil de doble posici\u00f3n.<\/p>\n<p>Inerte y no funcional<\/p>\n<p>&nbsp;<\/p>","protected":false},"excerpt":{"rendered":"<p>AMETRALLADORA M3 CALIBRE 45 EE.UU. 1942<\/p>\n<p>&nbsp;<\/p>\n<ul>\n<li>De metal<\/li>\n<li>Dimensiones 59 cm<\/li>\n<li>Tratamiento manual<\/li>\n<li>DIMENSIONES REALES 1:1<\/li>\n<li>Peso 3,145 g<\/li>\n<li>En su caja original<\/li>\n<li>Producci\u00f3n Denix Made in spain<\/li>\n<li>Rifle inerte no funciona<\/li>\n<\/ul>","protected":false},"featured_media":7075,"comment_status":"open","ping_status":"closed","template":"","meta":[],"product_cat":[82,80],"product_tag":[84],"class_list":{"0":"post-7021","1":"product","2":"type-product","3":"status-publish","4":"has-post-thumbnail","6":"product_brand-denix","7":"product_cat-fucili","8":"product_cat-repliche-armi","9":"product_tag-denix","11":"first","12":"instock","13":"shipping-taxable","14":"purchasable","15":"product-type-simple","16":"col-xs-6 col-sm-4","17":"col-md-3 col-lg-3","18":"un-4-cols"},"_links":{"self":[{"href":"https:\/\/www.ladymsardegna.com\/es\/wp-json\/wp\/v2\/product\/7021","targetHints":{"allow":["GET"]}}],"collection":[{"href":"https:\/\/www.ladymsardegna.com\/es\/wp-json\/wp\/v2\/product"}],"about":[{"href":"https:\/\/www.ladymsardegna.com\/es\/wp-json\/wp\/v2\/types\/product"}],"replies":[{"embeddable":true,"href":"https:\/\/www.ladymsardegna.com\/es\/wp-json\/wp\/v2\/comments?post=7021"}],"wp:featuredmedia":[{"embeddable":true,"href":"https:\/\/www.ladymsardegna.com\/es\/wp-json\/wp\/v2\/media\/7075"}],"wp:attachment":[{"href":"https:\/\/www.ladymsardegna.com\/es\/wp-json\/wp\/v2\/media?parent=7021"}],"wp:term":[{"taxonomy":"product_cat","embeddable":true,"href":"https:\/\/www.ladymsardegna.com\/es\/wp-json\/wp\/v2\/product_cat?post=7021"},{"taxonomy":"product_tag","embeddable":true,"href":"https:\/\/www.ladymsardegna.com\/es\/wp-json\/wp\/v2\/product_tag?post=7021"}],"curies":[{"name":"wp","href":"https:\/\/api.w.org\/{rel}","templated":true}]}}