{"id":7019,"date":"2022-01-26T10:02:25","date_gmt":"2022-01-26T09:02:25","guid":{"rendered":"https:\/\/ladymsardegna.com\/?post_type=product&#038;p=7019"},"modified":"2024-04-12T12:25:19","modified_gmt":"2024-04-12T10:25:19","slug":"aguila-del-desierto-u-s-a-isdrael-1982-27cm","status":"publish","type":"product","link":"https:\/\/www.ladymsardegna.com\/es\/negozio\/repliche-armi\/pistola\/desert-eagle-u-s-a-isdraele-1982-27cm\/","title":{"rendered":"DESERT EAGLE U.S.A. ISDRAEL 1982 (27Cm)"},"content":{"rendered":"<p>Reproducci\u00f3n de una pistola, de metal, con mecanismo de simulaci\u00f3n de carga y disparo y cargador extra\u00edble.<\/p>\n<p>Pistola semiautom\u00e1tica, calibre .357, .44 y .50, EE.UU., Israel 1982.<\/p>\n<p>BELLAS R\u00c9PLICAS INERTES, CON PESO Y DIMENSIONES REALES, MECANISMOS DE FUNCIONAMIENTO, CONSTRUIDAS CON MATERIALES SIMILARES A LOS ORIGINALES<\/p>","protected":false},"excerpt":{"rendered":"<p><strong>pistola DESERT EAGLE <\/strong>\u00a0:<\/p>\n<ul>\n<li>De metal<\/li>\n<li>Dimensiones 27 cm<\/li>\n<li>Tratamiento manual<\/li>\n<li>DIMENSIONES REALES 1:1<\/li>\n<li>Peso 1.530 g<\/li>\n<li>En su caja original<\/li>\n<li>Producci\u00f3n Denix Made in spain<\/li>\n<\/ul>","protected":false},"featured_media":7066,"comment_status":"open","ping_status":"closed","template":"","meta":[],"product_cat":[81,80],"product_tag":[],"class_list":{"0":"post-7019","1":"product","2":"type-product","3":"status-publish","4":"has-post-thumbnail","6":"product_brand-denix","7":"product_cat-pistola","8":"product_cat-repliche-armi","10":"first","11":"outofstock","12":"shipping-taxable","13":"purchasable","14":"product-type-simple","15":"col-xs-6 col-sm-4","16":"col-md-3 col-lg-3","17":"un-4-cols"},"_links":{"self":[{"href":"https:\/\/www.ladymsardegna.com\/es\/wp-json\/wp\/v2\/product\/7019","targetHints":{"allow":["GET"]}}],"collection":[{"href":"https:\/\/www.ladymsardegna.com\/es\/wp-json\/wp\/v2\/product"}],"about":[{"href":"https:\/\/www.ladymsardegna.com\/es\/wp-json\/wp\/v2\/types\/product"}],"replies":[{"embeddable":true,"href":"https:\/\/www.ladymsardegna.com\/es\/wp-json\/wp\/v2\/comments?post=7019"}],"wp:featuredmedia":[{"embeddable":true,"href":"https:\/\/www.ladymsardegna.com\/es\/wp-json\/wp\/v2\/media\/7066"}],"wp:attachment":[{"href":"https:\/\/www.ladymsardegna.com\/es\/wp-json\/wp\/v2\/media?parent=7019"}],"wp:term":[{"taxonomy":"product_cat","embeddable":true,"href":"https:\/\/www.ladymsardegna.com\/es\/wp-json\/wp\/v2\/product_cat?post=7019"},{"taxonomy":"product_tag","embeddable":true,"href":"https:\/\/www.ladymsardegna.com\/es\/wp-json\/wp\/v2\/product_tag?post=7019"}],"curies":[{"name":"wp","href":"https:\/\/api.w.org\/{rel}","templated":true}]}}