{"id":6792,"date":"2022-01-26T10:01:03","date_gmt":"2022-01-26T09:01:03","guid":{"rendered":"https:\/\/ladymsardegna.com\/?post_type=product&#038;p=6792"},"modified":"2022-01-31T17:07:20","modified_gmt":"2022-01-31T16:07:20","slug":"23-cm-concha-marina-natural-cassis-cornuta","status":"publish","type":"product","link":"https:\/\/www.ladymsardegna.com\/es\/negozio\/arredamento\/linea-mare\/conchiglia-naturale-23-cm-mare-cassis-cornuta\/","title":{"rendered":"Concha Natural 23 cm mar CASSIS CORNUTA"},"content":{"rendered":"<p>Concha tropical oc\u00e9ano tama\u00f1o gigante peso 2 kg L\u00ednea de mar<\/p>\n<p>El objeto en venta es:<\/p>\n<ul>\n<li>original<\/li>\n<li>nuevo<\/li>\n<li>acompa\u00f1ado de un recibo o factura, previa solicitud<\/li>\n<\/ul>","protected":false},"excerpt":{"rendered":"<p><strong>Concha natural :<\/strong><\/p>\n<ul>\n<li>Nombre de la concha CASSIS CORNUTA<\/li>\n<li>Dimensiones 23 x 20 x 20 cm<\/li>\n<li>Peso de la carcasa 1,2 kg<\/li>\n<\/ul>","protected":false},"featured_media":6817,"comment_status":"open","ping_status":"closed","template":"","meta":[],"product_cat":[78,160],"product_tag":[],"class_list":{"0":"post-6792","1":"product","2":"type-product","3":"status-publish","4":"has-post-thumbnail","6":"product_cat-arredamento","7":"product_cat-linea-mare","9":"first","10":"outofstock","11":"shipping-taxable","12":"purchasable","13":"product-type-simple","14":"col-xs-6 col-sm-4","15":"col-md-3 col-lg-3","16":"un-4-cols"},"_links":{"self":[{"href":"https:\/\/www.ladymsardegna.com\/es\/wp-json\/wp\/v2\/product\/6792","targetHints":{"allow":["GET"]}}],"collection":[{"href":"https:\/\/www.ladymsardegna.com\/es\/wp-json\/wp\/v2\/product"}],"about":[{"href":"https:\/\/www.ladymsardegna.com\/es\/wp-json\/wp\/v2\/types\/product"}],"replies":[{"embeddable":true,"href":"https:\/\/www.ladymsardegna.com\/es\/wp-json\/wp\/v2\/comments?post=6792"}],"wp:featuredmedia":[{"embeddable":true,"href":"https:\/\/www.ladymsardegna.com\/es\/wp-json\/wp\/v2\/media\/6817"}],"wp:attachment":[{"href":"https:\/\/www.ladymsardegna.com\/es\/wp-json\/wp\/v2\/media?parent=6792"}],"wp:term":[{"taxonomy":"product_cat","embeddable":true,"href":"https:\/\/www.ladymsardegna.com\/es\/wp-json\/wp\/v2\/product_cat?post=6792"},{"taxonomy":"product_tag","embeddable":true,"href":"https:\/\/www.ladymsardegna.com\/es\/wp-json\/wp\/v2\/product_tag?post=6792"}],"curies":[{"name":"wp","href":"https:\/\/api.w.org\/{rel}","templated":true}]}}