{"id":6738,"date":"2022-01-26T10:00:40","date_gmt":"2022-01-26T09:00:40","guid":{"rendered":"https:\/\/ladymsardegna.com\/?post_type=product&#038;p=6738"},"modified":"2025-08-06T19:05:55","modified_gmt":"2025-08-06T17:05:55","slug":"pendientes-colgantes-de-coral-en-coccu-kokos-sabegia-2","status":"publish","type":"product","link":"https:\/\/www.ladymsardegna.com\/es\/negozio\/gioielli-sardi\/su-coccu-onice\/orecchini-su-coccu-onice\/orecchini-pendenti-corallo-su-coccu-kokos-sabegia-2\/","title":{"rendered":"Pendientes Colgantes de Coral Su Coccu Kokos Sabegia"},"content":{"rendered":"<p>Amuleto de la suerte con esfera de \u00f3nix 'Su Coccu' . Una espl\u00e9ndida pieza de joyer\u00eda artesanal sarda con trabajo de filigrana.<\/p>\n<p>Significado simb\u00f3lico de \"Su Coccu\": amuleto sardo de gran artesan\u00eda, realizado por un artesano y devoto sardo. Su Coccu sirve para proteger contra el mal de ojo; de hecho, la piedra absorbe las influencias negativas. Tradicionalmente, la piedra es de obsidiana u \u00f3nice y est\u00e1 montada sobre plata. Se lleva bajo la ropa, como un colgante, y es un poderoso amuleto contra el mal de ojo. Se dice que si las influencias negativas son demasiado fuertes, el coccu se rompe pero la persona permanece ilesa. Su Coccu, montado en un broche de plata finamente trabajado a mano, se entrega a los reci\u00e9n nacidos para protegerlos de la envidia y el mal de ojo. Se prende en la cuna, el cochecito o la ropa, y absorbe las energ\u00edas negativas. Tambi\u00e9n puede regalarse a una novia para protegerla a ella y a su relaci\u00f3n, o a un ser querido afectado por el mal de ojo.<\/p>","protected":false},"excerpt":{"rendered":"<p><strong>Pendientes en Coccu con Coral :<\/strong><\/p>\n<ul>\n<li>Fabricado en plata 925\u2030.<\/li>\n<li>Piedra de \u00f3nice de 10 mm de di\u00e1metro<\/li>\n<li>Di\u00e1metro del coral de bamb\u00fa 0,7 mm<\/li>\n<li>Longitud 5 cm<\/li>\n<li>Trabajo de filigrana en microfusi\u00f3n engastado con cristales de Swarovski<\/li>\n<li>Cierre de la monja<\/li>\n<li>Peso g 8,53<\/li>\n<\/ul>","protected":false},"featured_media":6777,"comment_status":"open","ping_status":"closed","template":"","meta":[],"product_cat":[77,203,175],"product_tag":[],"class_list":{"0":"post-6738","1":"product","2":"type-product","3":"status-publish","4":"has-post-thumbnail","6":"product_cat-gioielli-sardi","7":"product_cat-orecchini-su-coccu-onice","8":"product_cat-su-coccu-onice","10":"first","11":"instock","12":"shipping-taxable","13":"purchasable","14":"product-type-simple","15":"col-xs-6 col-sm-4","16":"col-md-3 col-lg-3","17":"un-4-cols"},"_links":{"self":[{"href":"https:\/\/www.ladymsardegna.com\/es\/wp-json\/wp\/v2\/product\/6738","targetHints":{"allow":["GET"]}}],"collection":[{"href":"https:\/\/www.ladymsardegna.com\/es\/wp-json\/wp\/v2\/product"}],"about":[{"href":"https:\/\/www.ladymsardegna.com\/es\/wp-json\/wp\/v2\/types\/product"}],"replies":[{"embeddable":true,"href":"https:\/\/www.ladymsardegna.com\/es\/wp-json\/wp\/v2\/comments?post=6738"}],"wp:featuredmedia":[{"embeddable":true,"href":"https:\/\/www.ladymsardegna.com\/es\/wp-json\/wp\/v2\/media\/6777"}],"wp:attachment":[{"href":"https:\/\/www.ladymsardegna.com\/es\/wp-json\/wp\/v2\/media?parent=6738"}],"wp:term":[{"taxonomy":"product_cat","embeddable":true,"href":"https:\/\/www.ladymsardegna.com\/es\/wp-json\/wp\/v2\/product_cat?post=6738"},{"taxonomy":"product_tag","embeddable":true,"href":"https:\/\/www.ladymsardegna.com\/es\/wp-json\/wp\/v2\/product_tag?post=6738"}],"curies":[{"name":"wp","href":"https:\/\/api.w.org\/{rel}","templated":true}]}}