{"id":6628,"date":"2022-01-26T09:59:45","date_gmt":"2022-01-26T08:59:45","guid":{"rendered":"https:\/\/ladymsardegna.com\/?post_type=product&#038;p=6628"},"modified":"2023-04-14T19:39:04","modified_gmt":"2023-04-14T17:39:04","slug":"pavoncela-de-ceramica-sarda-17x55-cm","status":"publish","type":"product","link":"https:\/\/www.ladymsardegna.com\/es\/negozio\/ceramica-sarda\/ceramica-sarda-pavoncella-ciotola-17x55-cm\/","title":{"rendered":"Ceramica Sarda Pavoncella Cuenco cuadrado (17\u00d75,5 cm) en 3 colores"},"content":{"rendered":"<p>El Taller de Cer\u00e1mica Deiana tiene or\u00edgenes muy lejanos.<\/p>\n<p>El \"oficio de alfarero\" en el seno de la familia Deiana existe desde hace m\u00e1s de un siglo y se ha transmitido durante cuatro generaciones, para dar al mundo nuestras tradiciones, nuestros colores y nuestra pasi\u00f3n por permanecer indelebles e inalterables para siempre.<\/p>\n<p>Cer\u00e1mica creada y pintada exclusivamente a mano mediante la t\u00e9cnica del rayado para una ejecuci\u00f3n casi perfecta en cada objeto.<\/p>\n<p>Los materiales, incluidas las arcillas y los esmaltes, son aptos para uso alimentario y, por tanto, no t\u00f3xicos.<\/p>\n<p>Todos nuestros productos est\u00e1n fabricados para uso alimentario, por lo que pueden utilizarse en hornos microondas y lavarse en lavavajillas.<\/p>","protected":false},"excerpt":{"rendered":"<p><strong>\u00a0Bandeja ordenadora de cer\u00e1mica sarda:<\/strong><\/p>\n<ul>\n<li>De cer\u00e1mica sarda grabada en la galleta<\/li>\n<li>Grabado Avefr\u00eda sarda<\/li>\n<li>Dimensiones 17 x 5,5 cm<\/li>\n<li>Tratamiento manual.<\/li>\n<\/ul>","protected":false},"featured_media":14227,"comment_status":"open","ping_status":"closed","template":"","meta":[],"product_cat":[185],"product_tag":[186],"class_list":{"0":"post-6628","1":"product","2":"type-product","3":"status-publish","4":"has-post-thumbnail","6":"product_brand-ceramica-deiana","7":"product_cat-ceramica-sarda","8":"product_tag-ceramica","10":"first","11":"instock","12":"shipping-taxable","13":"purchasable","14":"product-type-variable","15":"col-xs-6 col-sm-4","16":"col-md-3 col-lg-3","17":"un-4-cols"},"_links":{"self":[{"href":"https:\/\/www.ladymsardegna.com\/es\/wp-json\/wp\/v2\/product\/6628","targetHints":{"allow":["GET"]}}],"collection":[{"href":"https:\/\/www.ladymsardegna.com\/es\/wp-json\/wp\/v2\/product"}],"about":[{"href":"https:\/\/www.ladymsardegna.com\/es\/wp-json\/wp\/v2\/types\/product"}],"replies":[{"embeddable":true,"href":"https:\/\/www.ladymsardegna.com\/es\/wp-json\/wp\/v2\/comments?post=6628"}],"wp:featuredmedia":[{"embeddable":true,"href":"https:\/\/www.ladymsardegna.com\/es\/wp-json\/wp\/v2\/media\/14227"}],"wp:attachment":[{"href":"https:\/\/www.ladymsardegna.com\/es\/wp-json\/wp\/v2\/media?parent=6628"}],"wp:term":[{"taxonomy":"product_cat","embeddable":true,"href":"https:\/\/www.ladymsardegna.com\/es\/wp-json\/wp\/v2\/product_cat?post=6628"},{"taxonomy":"product_tag","embeddable":true,"href":"https:\/\/www.ladymsardegna.com\/es\/wp-json\/wp\/v2\/product_tag?post=6628"}],"curies":[{"name":"wp","href":"https:\/\/api.w.org\/{rel}","templated":true}]}}