{"id":6615,"date":"2022-01-26T09:59:44","date_gmt":"2022-01-26T08:59:44","guid":{"rendered":"https:\/\/ladymsardegna.com\/?post_type=product&#038;p=6615"},"modified":"2026-03-18T20:43:05","modified_gmt":"2026-03-18T19:43:05","slug":"pulsera-boton-de-plata-en-coccu-kokos-sabegia-5","status":"publish","type":"product","link":"https:\/\/www.ladymsardegna.com\/es\/negozio\/gioielli-sardi\/su-coccu-onice\/bracciali-su-coccu-onice\/bracciale-bottone-argento-su-coccu-kokos-sabegia-5\/","title":{"rendered":"Bracciale bottone sardo filigrana Argento con Su Coccu"},"content":{"rendered":"<p>Pulsera Colgante amuleto de la suerte con esfera de \u00f3nice \"Su Coccu\" y perla decorativa. Una espl\u00e9ndida pieza de joyer\u00eda artesanal de Cerde\u00f1a, elaborada con filigrana.<\/p>\n<p>Significado simb\u00f3lico de \"Su Coccu\": amuleto sardo de gran artesan\u00eda, realizado por un artesano y devoto sardo. Su Coccu sirve para proteger contra el mal de ojo; de hecho, la piedra absorbe las influencias negativas. Tradicionalmente, la piedra es de obsidiana u \u00f3nice y est\u00e1 montada sobre plata. Se lleva bajo la ropa, como un colgante, y es un poderoso amuleto contra el mal de ojo. Se dice que si las influencias negativas son demasiado fuertes, el coccu se rompe pero la persona permanece ilesa. Su Coccu, montado en un broche de plata finamente trabajado a mano, se entrega a los reci\u00e9n nacidos para protegerlos de la envidia y el mal de ojo. Se prende en la cuna, el cochecito o la ropa, y absorbe las energ\u00edas negativas. Tambi\u00e9n puede regalarse a una novia para protegerla a ella y a su relaci\u00f3n, o a un ser querido afectado por el mal de ojo.<\/p>","protected":false},"excerpt":{"rendered":"<p><strong>Pulsera de plata en coccu :<\/strong><\/p>\n<ul>\n<li>Fabricado en plata 800\u2030.<\/li>\n<li>Piedra de \u00f3nice de 10 mm de di\u00e1metro<\/li>\n<li>Di\u00e1metro del bot\u00f3n 10 mm<\/li>\n<li>Tratamiento de microfusi\u00f3n de filigrana<\/li>\n<li>Cierre de mosquet\u00f3n<\/li>\n<li>Longitud 20 cm<\/li>\n<\/ul>","protected":false},"featured_media":6657,"comment_status":"open","ping_status":"closed","template":"","meta":[],"product_cat":[176,77,175],"product_tag":[],"class_list":{"0":"post-6615","1":"product","2":"type-product","3":"status-publish","4":"has-post-thumbnail","6":"product_cat-bracciali-su-coccu-onice","7":"product_cat-gioielli-sardi","8":"product_cat-su-coccu-onice","10":"first","11":"instock","12":"shipping-taxable","13":"purchasable","14":"product-type-simple","15":"col-xs-6 col-sm-4","16":"col-md-3 col-lg-3","17":"un-4-cols"},"_links":{"self":[{"href":"https:\/\/www.ladymsardegna.com\/es\/wp-json\/wp\/v2\/product\/6615","targetHints":{"allow":["GET"]}}],"collection":[{"href":"https:\/\/www.ladymsardegna.com\/es\/wp-json\/wp\/v2\/product"}],"about":[{"href":"https:\/\/www.ladymsardegna.com\/es\/wp-json\/wp\/v2\/types\/product"}],"replies":[{"embeddable":true,"href":"https:\/\/www.ladymsardegna.com\/es\/wp-json\/wp\/v2\/comments?post=6615"}],"wp:featuredmedia":[{"embeddable":true,"href":"https:\/\/www.ladymsardegna.com\/es\/wp-json\/wp\/v2\/media\/6657"}],"wp:attachment":[{"href":"https:\/\/www.ladymsardegna.com\/es\/wp-json\/wp\/v2\/media?parent=6615"}],"wp:term":[{"taxonomy":"product_cat","embeddable":true,"href":"https:\/\/www.ladymsardegna.com\/es\/wp-json\/wp\/v2\/product_cat?post=6615"},{"taxonomy":"product_tag","embeddable":true,"href":"https:\/\/www.ladymsardegna.com\/es\/wp-json\/wp\/v2\/product_tag?post=6615"}],"curies":[{"name":"wp","href":"https:\/\/api.w.org\/{rel}","templated":true}]}}