{"id":6372,"date":"2022-01-26T09:58:02","date_gmt":"2022-01-26T08:58:02","guid":{"rendered":"https:\/\/ladymsardegna.com\/?post_type=product&#038;p=6372"},"modified":"2022-01-31T17:07:05","modified_gmt":"2022-01-31T16:07:05","slug":"boya-salvavidas-de-pared-welcome-40cm","status":"publish","type":"product","link":"https:\/\/www.ladymsardegna.com\/es\/negozio\/arredamento\/linea-mare\/salvagente-welcome-da-parete-40cm\/","title":{"rendered":"Salvavidas de pared Welcome (40 cm)"},"content":{"rendered":"<p><strong>Boya salvavidas de madera y cuerdas para la decoraci\u00f3n con la l\u00ednea de bienvenida inscripci\u00f3n mar<\/strong><\/p>\n<p>El objeto en venta es:<\/p>\n<p>original<\/p>\n<p>nuevo<\/p>\n<p>acompa\u00f1ado de un recibo o factura, previa solicitud<\/p>","protected":false},"excerpt":{"rendered":"<p><strong>Salvavidas con cuerdas Sea Line :<\/strong><\/p>\n<ul>\n<li>De madera y cuerdas<\/li>\n<li>Dimensiones di\u00e1metro 40 x 3 cm<\/li>\n<li>Longitud de las cuerdas 73 cm<\/li>\n<\/ul>","protected":false},"featured_media":6408,"comment_status":"open","ping_status":"closed","template":"","meta":[],"product_cat":[78,160],"product_tag":[],"class_list":{"0":"post-6372","1":"product","2":"type-product","3":"status-publish","4":"has-post-thumbnail","6":"product_cat-arredamento","7":"product_cat-linea-mare","9":"first","10":"instock","11":"shipping-taxable","12":"purchasable","13":"product-type-simple","14":"col-xs-6 col-sm-4","15":"col-md-3 col-lg-3","16":"un-4-cols"},"_links":{"self":[{"href":"https:\/\/www.ladymsardegna.com\/es\/wp-json\/wp\/v2\/product\/6372","targetHints":{"allow":["GET"]}}],"collection":[{"href":"https:\/\/www.ladymsardegna.com\/es\/wp-json\/wp\/v2\/product"}],"about":[{"href":"https:\/\/www.ladymsardegna.com\/es\/wp-json\/wp\/v2\/types\/product"}],"replies":[{"embeddable":true,"href":"https:\/\/www.ladymsardegna.com\/es\/wp-json\/wp\/v2\/comments?post=6372"}],"wp:featuredmedia":[{"embeddable":true,"href":"https:\/\/www.ladymsardegna.com\/es\/wp-json\/wp\/v2\/media\/6408"}],"wp:attachment":[{"href":"https:\/\/www.ladymsardegna.com\/es\/wp-json\/wp\/v2\/media?parent=6372"}],"wp:term":[{"taxonomy":"product_cat","embeddable":true,"href":"https:\/\/www.ladymsardegna.com\/es\/wp-json\/wp\/v2\/product_cat?post=6372"},{"taxonomy":"product_tag","embeddable":true,"href":"https:\/\/www.ladymsardegna.com\/es\/wp-json\/wp\/v2\/product_tag?post=6372"}],"curies":[{"name":"wp","href":"https:\/\/api.w.org\/{rel}","templated":true}]}}