{"id":5558,"date":"2022-01-26T09:52:57","date_gmt":"2022-01-26T08:52:57","guid":{"rendered":"https:\/\/ladymsardegna.com\/?post_type=product&#038;p=5558"},"modified":"2022-01-31T17:06:27","modified_gmt":"2022-01-31T16:06:27","slug":"colgante-cruz-turquesa-plata-925","status":"publish","type":"product","link":"https:\/\/www.ladymsardegna.com\/es\/negozio\/gioielli-sardi\/turchese\/ciondolo-croce-in-turchese-argento-925\/","title":{"rendered":"Colgante Cruz Turquesa Plata 925%\u00b0"},"content":{"rendered":"<p>&nbsp;<\/p>\n<p>Nos encanta ofrecer nuestros art\u00edculos en Turquesa. Cuidamos personalmente cada pieza individual en la elecci\u00f3n de la fabricaci\u00f3n y la ejecuci\u00f3n.<\/p>\n<p>Somos nosotros quienes las proponemos a los clientes, explic\u00e1ndoles la t\u00e9cnica empleada y los materiales elegidos en las fases de ejecuci\u00f3n. Contamos \"la pieza\" e intentamos satisfacer cualquier curiosidad sobre el coral,<\/p>\n<p>La joyer\u00eda sarda y su gran peso en la cultura y la fuerte identidad de Cerde\u00f1a. Por todas estas razones, el nuestro es un producto de nicho.<\/p>\n<p>Esta elecci\u00f3n nos permite mantener nuestra identidad artesanal y cuidar al m\u00e1ximo el aspecto art\u00edstico, centr\u00e1ndonos en la calidad y la originalidad de cada creaci\u00f3n.<\/p>\n<p>El objeto en venta es:<\/p>\n<p>original<\/p>\n<p>completo con caja y garant\u00eda si procede<\/p>\n<p>acompa\u00f1ado de un recibo o factura, previa solicitud<\/p>","protected":false},"excerpt":{"rendered":"<p><strong>Colgante en forma de cruz de turquesa para la buena suerte:<\/strong><\/p>\n<ul>\n<li>Fabricado en plata 925\u2030.<\/li>\n<li>Piedra turquesa<\/li>\n<li>Filigrana sarda<\/li>\n<li>Dimensiones a partir de 4 x 2 cm<\/li>\n<li>Tama\u00f1o de las pajitas turquesa 0,4 mm<\/li>\n<\/ul>","protected":false},"featured_media":5593,"comment_status":"open","ping_status":"closed","template":"","meta":[],"product_cat":[77,184],"product_tag":[],"class_list":{"0":"post-5558","1":"product","2":"type-product","3":"status-publish","4":"has-post-thumbnail","6":"product_cat-gioielli-sardi","7":"product_cat-turchese","9":"first","10":"instock","11":"shipping-taxable","12":"purchasable","13":"product-type-simple","14":"col-xs-6 col-sm-4","15":"col-md-3 col-lg-3","16":"un-4-cols"},"_links":{"self":[{"href":"https:\/\/www.ladymsardegna.com\/es\/wp-json\/wp\/v2\/product\/5558","targetHints":{"allow":["GET"]}}],"collection":[{"href":"https:\/\/www.ladymsardegna.com\/es\/wp-json\/wp\/v2\/product"}],"about":[{"href":"https:\/\/www.ladymsardegna.com\/es\/wp-json\/wp\/v2\/types\/product"}],"replies":[{"embeddable":true,"href":"https:\/\/www.ladymsardegna.com\/es\/wp-json\/wp\/v2\/comments?post=5558"}],"wp:featuredmedia":[{"embeddable":true,"href":"https:\/\/www.ladymsardegna.com\/es\/wp-json\/wp\/v2\/media\/5593"}],"wp:attachment":[{"href":"https:\/\/www.ladymsardegna.com\/es\/wp-json\/wp\/v2\/media?parent=5558"}],"wp:term":[{"taxonomy":"product_cat","embeddable":true,"href":"https:\/\/www.ladymsardegna.com\/es\/wp-json\/wp\/v2\/product_cat?post=5558"},{"taxonomy":"product_tag","embeddable":true,"href":"https:\/\/www.ladymsardegna.com\/es\/wp-json\/wp\/v2\/product_tag?post=5558"}],"curies":[{"name":"wp","href":"https:\/\/api.w.org\/{rel}","templated":true}]}}