{"id":5552,"date":"2022-01-26T09:52:56","date_gmt":"2022-01-26T08:52:56","guid":{"rendered":"https:\/\/ladymsardegna.com\/?post_type=product&#038;p=5552"},"modified":"2022-01-31T17:06:26","modified_gmt":"2022-01-31T16:06:26","slug":"colgante-de-bronce-plateado","status":"publish","type":"product","link":"https:\/\/www.ladymsardegna.com\/es\/negozio\/gioielli-sardi\/filigrana-sarda-argento\/ciondoli\/ciondolo-bronzetto-in-argento\/","title":{"rendered":"Colgante de plata Bronzetto"},"content":{"rendered":"<p>Sas prendas, las joyas de Cerde\u00f1a<\/p>\n<p>Si se habla del traje tradicional sardo, no se puede dejar de mencionar las joyas. Verdaderos accesorios de la prenda, no se limitan a una mera funci\u00f3n ornamental sino que asumen papeles de necesidad; se convierten en complementos funcionales como botones, cremalleras, cinturones.<\/p>\n<p>En la joyer\u00eda artesanal sarda, el material m\u00e1s utilizado hist\u00f3ricamente es la plata. Adornada con piedras semipreciosas, corales, turquesas y obsidiana, trabajada en filigrana, se encontraba en la isla desde la antig\u00fcedad. Se han encontrado joyas y hebillas de filigrana de plata en yacimientos arqueol\u00f3gicos de toda Cerde\u00f1a.<\/p>\n<p>&nbsp;<\/p>","protected":false},"excerpt":{"rendered":"<p><strong>Colgante de bronce sardo:<\/strong><\/p>\n<ul>\n<li>De plata dorada 800%<\/li>\n<li>Artesan\u00eda sarda en microfusi\u00f3n<\/li>\n<li>Bronzetto dimensiones 2,9 x 1 cm<\/li>\n<li>Longitud del colgante incluido contra malla 3,4 cm<\/li>\n<\/ul>","protected":false},"featured_media":5583,"comment_status":"open","ping_status":"closed","template":"","meta":[],"product_cat":[189,104,77],"product_tag":[],"class_list":{"0":"post-5552","1":"product","2":"type-product","3":"status-publish","4":"has-post-thumbnail","6":"product_cat-ciondoli","7":"product_cat-filigrana-sarda-argento","8":"product_cat-gioielli-sardi","10":"first","11":"instock","12":"shipping-taxable","13":"purchasable","14":"product-type-variable","15":"col-xs-6 col-sm-4","16":"col-md-3 col-lg-3","17":"un-4-cols"},"_links":{"self":[{"href":"https:\/\/www.ladymsardegna.com\/es\/wp-json\/wp\/v2\/product\/5552","targetHints":{"allow":["GET"]}}],"collection":[{"href":"https:\/\/www.ladymsardegna.com\/es\/wp-json\/wp\/v2\/product"}],"about":[{"href":"https:\/\/www.ladymsardegna.com\/es\/wp-json\/wp\/v2\/types\/product"}],"replies":[{"embeddable":true,"href":"https:\/\/www.ladymsardegna.com\/es\/wp-json\/wp\/v2\/comments?post=5552"}],"wp:featuredmedia":[{"embeddable":true,"href":"https:\/\/www.ladymsardegna.com\/es\/wp-json\/wp\/v2\/media\/5583"}],"wp:attachment":[{"href":"https:\/\/www.ladymsardegna.com\/es\/wp-json\/wp\/v2\/media?parent=5552"}],"wp:term":[{"taxonomy":"product_cat","embeddable":true,"href":"https:\/\/www.ladymsardegna.com\/es\/wp-json\/wp\/v2\/product_cat?post=5552"},{"taxonomy":"product_tag","embeddable":true,"href":"https:\/\/www.ladymsardegna.com\/es\/wp-json\/wp\/v2\/product_tag?post=5552"}],"curies":[{"name":"wp","href":"https:\/\/api.w.org\/{rel}","templated":true}]}}