{"id":5511,"date":"2022-01-26T09:52:35","date_gmt":"2022-01-26T08:52:35","guid":{"rendered":"https:\/\/ladymsardegna.com\/?post_type=product&#038;p=5511"},"modified":"2024-11-17T18:46:07","modified_gmt":"2024-11-17T17:46:07","slug":"colgante-liso-sardinia-con-provincias-de-plata","status":"publish","type":"product","link":"https:\/\/www.ladymsardegna.com\/es\/negozio\/gioielli-sardi\/filigrana-sarda-argento\/ciondoli\/ciondolo-sardegna-liscio-con-provincie-in-argento\/","title":{"rendered":"Colgante Cerde\u00f1a Liso Con Provincias Plata"},"content":{"rendered":"<p>&nbsp;<\/p>\n<p>Colgante de plata 800%\u00b0\u00b0 que representa el contorno de Cerde\u00f1a y sus provincias cementado en varios tama\u00f1os peque\u00f1o mediano y grande.<\/p>\n<p>&nbsp;<\/p>\n<p>El objeto en venta es:<\/p>\n<ul>\n<li>original<\/li>\n<li>completo con caja y garant\u00eda si procede<\/li>\n<li>acompa\u00f1ado de un recibo o factura, previa solicitud<\/li>\n<\/ul>","protected":false},"excerpt":{"rendered":"<p><strong>Colgante Cerde\u00f1a liso con grandes provincias :<\/strong><\/p>\n<ul>\n<li>De plata 800%\u00b0\u00b0\u00b0\u00b0<\/li>\n<li>Artesan\u00eda sarda en microfusi\u00f3n<\/li>\n<li>Tama\u00f1o del colgante Grande 3,5 x 1,5 cm<\/li>\n<li>Tama\u00f1o del colgante Peque\u00f1o 2,8 x 1 cm<\/li>\n<\/ul>","protected":false},"featured_media":5581,"comment_status":"open","ping_status":"closed","template":"","meta":[],"product_cat":[189,104],"product_tag":[106],"class_list":{"0":"post-5511","1":"product","2":"type-product","3":"status-publish","4":"has-post-thumbnail","6":"product_cat-ciondoli","7":"product_cat-filigrana-sarda-argento","8":"product_tag-filutrama","10":"first","11":"instock","12":"shipping-taxable","13":"purchasable","14":"product-type-variable","15":"col-xs-6 col-sm-4","16":"col-md-3 col-lg-3","17":"un-4-cols"},"_links":{"self":[{"href":"https:\/\/www.ladymsardegna.com\/es\/wp-json\/wp\/v2\/product\/5511","targetHints":{"allow":["GET"]}}],"collection":[{"href":"https:\/\/www.ladymsardegna.com\/es\/wp-json\/wp\/v2\/product"}],"about":[{"href":"https:\/\/www.ladymsardegna.com\/es\/wp-json\/wp\/v2\/types\/product"}],"replies":[{"embeddable":true,"href":"https:\/\/www.ladymsardegna.com\/es\/wp-json\/wp\/v2\/comments?post=5511"}],"wp:featuredmedia":[{"embeddable":true,"href":"https:\/\/www.ladymsardegna.com\/es\/wp-json\/wp\/v2\/media\/5581"}],"wp:attachment":[{"href":"https:\/\/www.ladymsardegna.com\/es\/wp-json\/wp\/v2\/media?parent=5511"}],"wp:term":[{"taxonomy":"product_cat","embeddable":true,"href":"https:\/\/www.ladymsardegna.com\/es\/wp-json\/wp\/v2\/product_cat?post=5511"},{"taxonomy":"product_tag","embeddable":true,"href":"https:\/\/www.ladymsardegna.com\/es\/wp-json\/wp\/v2\/product_tag?post=5511"}],"curies":[{"name":"wp","href":"https:\/\/api.w.org\/{rel}","templated":true}]}}