{"id":5506,"date":"2022-01-26T09:52:34","date_gmt":"2022-01-26T08:52:34","guid":{"rendered":"https:\/\/ladymsardegna.com\/?post_type=product&#038;p=5506"},"modified":"2025-11-21T08:00:38","modified_gmt":"2025-11-21T07:00:38","slug":"colgante-sharm-sardinia-con-provincias-liso-plateado","status":"publish","type":"product","link":"https:\/\/www.ladymsardegna.com\/es\/negozio\/gioielli-sardi\/filigrana-sarda-argento\/ciondoli\/ciondolo-sharm-sardegna-con-provincie-liscia-in-argento-dorato\/","title":{"rendered":"Colgante de plata dorada Sardegna Con Provincie Liscia"},"content":{"rendered":"<p>&nbsp;<\/p>\n<p>Colgante de plata 800%\u00b0\u00b0 que representa el contorno de Cerde\u00f1a y sus provincias en varios tama\u00f1os peque\u00f1o grande.<\/p>\n<p>&nbsp;<\/p>\n<p>El objeto en venta es:<\/p>\n<ul>\n<li>original<\/li>\n<li>completo con caja y garant\u00eda si procede<\/li>\n<li>acompa\u00f1ado de un recibo o factura, previa solicitud<\/li>\n<\/ul>","protected":false},"excerpt":{"rendered":"<p><strong>Colgante Cerde\u00f1a liso con provincias :<\/strong><\/p>\n<ul>\n<li>De plata 800%\u00b0\u00b0\u00b0\u00b0<\/li>\n<li>Artesan\u00eda sarda en microfusi\u00f3n<\/li>\n<li>Tama\u00f1o del colgante Peque\u00f1o 2,8 x 1 cm<\/li>\n<li>Tama\u00f1o del colgante Grande 3,5 x 1,5 cm<\/li>\n<\/ul>","protected":false},"featured_media":5574,"comment_status":"open","ping_status":"closed","template":"","meta":[],"product_cat":[189,104],"product_tag":[],"class_list":{"0":"post-5506","1":"product","2":"type-product","3":"status-publish","4":"has-post-thumbnail","6":"product_brand-filutrama","7":"product_cat-ciondoli","8":"product_cat-filigrana-sarda-argento","10":"first","11":"instock","12":"shipping-taxable","13":"purchasable","14":"product-type-variable","15":"col-xs-6 col-sm-4","16":"col-md-3 col-lg-3","17":"un-4-cols"},"_links":{"self":[{"href":"https:\/\/www.ladymsardegna.com\/es\/wp-json\/wp\/v2\/product\/5506","targetHints":{"allow":["GET"]}}],"collection":[{"href":"https:\/\/www.ladymsardegna.com\/es\/wp-json\/wp\/v2\/product"}],"about":[{"href":"https:\/\/www.ladymsardegna.com\/es\/wp-json\/wp\/v2\/types\/product"}],"replies":[{"embeddable":true,"href":"https:\/\/www.ladymsardegna.com\/es\/wp-json\/wp\/v2\/comments?post=5506"}],"wp:featuredmedia":[{"embeddable":true,"href":"https:\/\/www.ladymsardegna.com\/es\/wp-json\/wp\/v2\/media\/5574"}],"wp:attachment":[{"href":"https:\/\/www.ladymsardegna.com\/es\/wp-json\/wp\/v2\/media?parent=5506"}],"wp:term":[{"taxonomy":"product_cat","embeddable":true,"href":"https:\/\/www.ladymsardegna.com\/es\/wp-json\/wp\/v2\/product_cat?post=5506"},{"taxonomy":"product_tag","embeddable":true,"href":"https:\/\/www.ladymsardegna.com\/es\/wp-json\/wp\/v2\/product_tag?post=5506"}],"curies":[{"name":"wp","href":"https:\/\/api.w.org\/{rel}","templated":true}]}}