{"id":5347,"date":"2022-01-26T09:51:39","date_gmt":"2022-01-26T08:51:39","guid":{"rendered":"https:\/\/ladymsardegna.com\/?post_type=product&#038;p=5347"},"modified":"2023-06-27T09:10:48","modified_gmt":"2023-06-27T07:10:48","slug":"pulsera-occhio-di-santa-lucia-2","status":"publish","type":"product","link":"https:\/\/www.ladymsardegna.com\/es\/negozio\/gioielli-sardi\/occhio-di-santa-lucia\/bracciali\/bracciale-occhio-di-santa-lucia-2\/","title":{"rendered":"Pulsera Occhio Di Santa Lucia con coral natural"},"content":{"rendered":"<p><strong>OJO DE SANTA LUC\u00cdA<\/strong><\/p>\n<p>El Ojo de Santa Luc\u00eda es fruto del \"trabajo\" de una especie marina, un molusco llamado Astraea rugosa. El molusco segrega una sustancia que le permite construir su hogar, la concha, y el Ojo de Santa Luc\u00eda, o \"la puerta\" de su concha. El Ojo no es m\u00e1s que un peque\u00f1o op\u00e9rculo calc\u00e1reo que sirve al molusco para protegerse hasta su muerte, tras lo cual se desprende y es arrastrado por las corrientes. El molusco se encuentra en todo el Mediterr\u00e1neo. A este peque\u00f1o op\u00e9rculo se le atribuye una capacidad beneficiosa sobre los flujos de energ\u00eda que recorren todo nuestro cuerpo. S\u00edmbolo de sabidur\u00eda y conocimiento, es el emblema del movimiento y el desarrollo, junto con la capacidad de protegernos de las fuerzas malignas aumentando las energ\u00edas positivas. En la tradici\u00f3n popular italiana, el Occhio di Santa Lucia es uno de los amuletos m\u00e1s utilizados contra el mal de ojo. Tambi\u00e9n se cree que nos defiende contra las enfermedades oculares, de ah\u00ed su asociaci\u00f3n con Santa Luc\u00eda, protectora de los ojos.<\/p>","protected":false},"excerpt":{"rendered":"<p><strong>pulsera de goma<\/strong><strong>\u00a0juego de caracolas para la buena suerte:<\/strong><\/p>\n<ul>\n<li>Fabricado en plata 925\u2030.<\/li>\n<li>Longitud de la pulsera de 17 a 21 cm<\/li>\n<li>Coral naturae y material de concha<\/li>\n<li>Cierre de mosquet\u00f3n<\/li>\n<\/ul>","protected":false},"featured_media":12164,"comment_status":"open","ping_status":"closed","template":"","meta":[],"product_cat":[171,183,77,158],"product_tag":[],"class_list":{"0":"post-5347","1":"product","2":"type-product","3":"status-publish","4":"has-post-thumbnail","6":"product_cat-bracciali","7":"product_cat-corallo","8":"product_cat-gioielli-sardi","9":"product_cat-occhio-di-santa-lucia","11":"first","12":"instock","13":"shipping-taxable","14":"purchasable","15":"product-type-simple","16":"col-xs-6 col-sm-4","17":"col-md-3 col-lg-3","18":"un-4-cols"},"_links":{"self":[{"href":"https:\/\/www.ladymsardegna.com\/es\/wp-json\/wp\/v2\/product\/5347","targetHints":{"allow":["GET"]}}],"collection":[{"href":"https:\/\/www.ladymsardegna.com\/es\/wp-json\/wp\/v2\/product"}],"about":[{"href":"https:\/\/www.ladymsardegna.com\/es\/wp-json\/wp\/v2\/types\/product"}],"replies":[{"embeddable":true,"href":"https:\/\/www.ladymsardegna.com\/es\/wp-json\/wp\/v2\/comments?post=5347"}],"wp:featuredmedia":[{"embeddable":true,"href":"https:\/\/www.ladymsardegna.com\/es\/wp-json\/wp\/v2\/media\/12164"}],"wp:attachment":[{"href":"https:\/\/www.ladymsardegna.com\/es\/wp-json\/wp\/v2\/media?parent=5347"}],"wp:term":[{"taxonomy":"product_cat","embeddable":true,"href":"https:\/\/www.ladymsardegna.com\/es\/wp-json\/wp\/v2\/product_cat?post=5347"},{"taxonomy":"product_tag","embeddable":true,"href":"https:\/\/www.ladymsardegna.com\/es\/wp-json\/wp\/v2\/product_tag?post=5347"}],"curies":[{"name":"wp","href":"https:\/\/api.w.org\/{rel}","templated":true}]}}