{"id":5215,"date":"2022-01-26T09:50:53","date_gmt":"2022-01-26T08:50:53","guid":{"rendered":"https:\/\/ladymsardegna.com\/?post_type=product&#038;p=5215"},"modified":"2024-04-12T19:16:03","modified_gmt":"2024-04-12T17:16:03","slug":"canon-guerra-civil-u-s-a-1857-38cm","status":"publish","type":"product","link":"https:\/\/www.ladymsardegna.com\/es\/negozio\/repliche-armi\/cannone\/cannone-guerra-civile-u-s-a-1857-38cm\/","title":{"rendered":"Ca\u00f1\u00f3n de la Guerra Civil de EE.UU. 1857 (38CM)"},"content":{"rendered":"<p>Reproducci\u00f3n de ca\u00f1ones de metal y madera con ruedas de imitaci\u00f3n de madera.<\/p>\n<p>El modelo 1857 de 12 libras, apodado \"Napole\u00f3n\", fue el ca\u00f1\u00f3n m\u00e1s popular utilizado durante la Guerra Civil estadounidense. Casi asumi\u00f3 el 40% de la guerra de artiller\u00eda y fue una de las piezas m\u00e1s importantes de aquel conflicto. El ca\u00f1\u00f3n 'Napole\u00f3n' fue muy admirado por su seguridad, fiabilidad y eficacia, especialmente en el corto alcance.<\/p>\n<p>&nbsp;<\/p>\n<p>El objeto en venta es:<\/p>\n<p>original<\/p>\n<p>nuevo<\/p>\n<p>acompa\u00f1ado de un recibo o factura, previa solicitud<\/p>","protected":false},"excerpt":{"rendered":"<p><strong>R\u00e9plica del ca\u00f1\u00f3n de 1857 de la Guerra Civil estadounidense :\u00a0<\/strong><\/p>\n<ul>\n<li>De metal y madera<\/li>\n<li>Dimensiones 38 cm<\/li>\n<li>Tratamiento manual<\/li>\n<li>En caja original<\/li>\n<li>Producci\u00f3n Denix Made in spain<\/li>\n<\/ul>","protected":false},"featured_media":5255,"comment_status":"open","ping_status":"closed","template":"","meta":[],"product_cat":[164,80],"product_tag":[165],"class_list":{"0":"post-5215","1":"product","2":"type-product","3":"status-publish","4":"has-post-thumbnail","6":"product_brand-denix","7":"product_cat-cannone","8":"product_cat-repliche-armi","9":"product_tag-cannone","11":"first","12":"outofstock","13":"shipping-taxable","14":"purchasable","15":"product-type-simple","16":"col-xs-6 col-sm-4","17":"col-md-3 col-lg-3","18":"un-4-cols"},"_links":{"self":[{"href":"https:\/\/www.ladymsardegna.com\/es\/wp-json\/wp\/v2\/product\/5215","targetHints":{"allow":["GET"]}}],"collection":[{"href":"https:\/\/www.ladymsardegna.com\/es\/wp-json\/wp\/v2\/product"}],"about":[{"href":"https:\/\/www.ladymsardegna.com\/es\/wp-json\/wp\/v2\/types\/product"}],"replies":[{"embeddable":true,"href":"https:\/\/www.ladymsardegna.com\/es\/wp-json\/wp\/v2\/comments?post=5215"}],"wp:featuredmedia":[{"embeddable":true,"href":"https:\/\/www.ladymsardegna.com\/es\/wp-json\/wp\/v2\/media\/5255"}],"wp:attachment":[{"href":"https:\/\/www.ladymsardegna.com\/es\/wp-json\/wp\/v2\/media?parent=5215"}],"wp:term":[{"taxonomy":"product_cat","embeddable":true,"href":"https:\/\/www.ladymsardegna.com\/es\/wp-json\/wp\/v2\/product_cat?post=5215"},{"taxonomy":"product_tag","embeddable":true,"href":"https:\/\/www.ladymsardegna.com\/es\/wp-json\/wp\/v2\/product_tag?post=5215"}],"curies":[{"name":"wp","href":"https:\/\/api.w.org\/{rel}","templated":true}]}}