{"id":4918,"date":"2022-01-26T09:48:54","date_gmt":"2022-01-26T08:48:54","guid":{"rendered":"https:\/\/ladymsardegna.com\/?post_type=product&#038;p=4918"},"modified":"2026-04-17T09:23:14","modified_gmt":"2026-04-17T07:23:14","slug":"anillo-calado-de-filigrana-de-plata-de-cerdena","status":"publish","type":"product","link":"https:\/\/www.ladymsardegna.com\/es\/negozio\/gioielli-sardi\/filigrana-sarda-argento\/anelli\/anello-fede-sarda-filigrana-argento-traforata\/","title":{"rendered":"Sarda Anillo calado de filigrana de plata en 4 colores a elegir"},"content":{"rendered":"<p>La joya tiene una historia fascinante.<\/p>\n<p>Antiguamente se transmit\u00eda de madres a hijas, normalmente el esperado paso se produc\u00eda para las grandes ocasiones: el matrimonio o el nacimiento de un hijo. As\u00ed, el anillo \u00fanico y precioso permanec\u00eda en la misma familia durante siglos, siguiendo el paso de las generaciones, testigo de un paso del tiempo casi imperceptible.<\/p>\n<p>Pero, \u00bfcu\u00e1les son sus or\u00edgenes?<\/p>\n<p>Naturalmente, un objeto tan especial tiene muchas leyendas detr\u00e1s. La m\u00e1s popular narra que la primera alianza sarda fue forjada por las Janas, hadas que habitaban los rincones salvajes y aislados de la isla en la \u00e9poca nur\u00e1gica. Viv\u00edan en las Domus de Janas (Casas de las Hadas) y all\u00ed trabajaban la filigrana, fabricando anillos y joyas de todo tipo, engastadas con piedras preciosas t\u00edpicas de la isla como el coral o la obsidiana. Las hadas luc\u00edan estas joyas en sus ocasiones especiales, como el encuentro con la divinidad.<\/p>\n<p>Aqu\u00ed la fe sarda adquiere un significado elevado, m\u00edstico, de otro mundo: a\u00fan hoy, las mujeres reconocen su valor y lo llevan con enorme respeto. Por tanto, este objeto tiene algo de m\u00e1gico.<\/p>\n<p>Incluso la costumbre de llevarlo s\u00f3lo en el dedo anular izquierdo no es casual. Seg\u00fan antiguas creencias, es precisamente por ah\u00ed por donde pasa la vena del amor (vena amoris), es decir, la vena que llega hasta el coraz\u00f3n, transportando sangre, ox\u00edgeno, vida.<\/p>\n<p>El objeto en venta es:<\/p>\n<ul>\n<li>original<\/li>\n<li>completo con caja y garant\u00eda si procede<\/li>\n<li>acompa\u00f1ado de un recibo o factura, previa solicitud<\/li>\n<\/ul>","protected":false},"excerpt":{"rendered":"<p>Anillo de la mujer sarda:<\/p>\n<ul>\n<li>De plata 800%<\/li>\n<li>Filigrana de microfusi\u00f3n de nido de abeja sarda<\/li>\n<li>Anchura de la banda convexa 1,5 cm<\/li>\n<li>Todas las tallas son ajustables ( Open Ring Shank )<\/li>\n<li>Fe peso 3,3 g<\/li>\n<\/ul>","protected":false},"featured_media":4994,"comment_status":"open","ping_status":"closed","template":"","meta":[],"product_cat":[105,104,77],"product_tag":[106],"class_list":{"0":"post-4918","1":"product","2":"type-product","3":"status-publish","4":"has-post-thumbnail","6":"product_brand-filutrama","7":"product_cat-anelli","8":"product_cat-filigrana-sarda-argento","9":"product_cat-gioielli-sardi","10":"product_tag-filutrama","12":"first","13":"instock","14":"shipping-taxable","15":"purchasable","16":"product-type-variable","17":"col-xs-6 col-sm-4","18":"col-md-3 col-lg-3","19":"un-4-cols"},"_links":{"self":[{"href":"https:\/\/www.ladymsardegna.com\/es\/wp-json\/wp\/v2\/product\/4918","targetHints":{"allow":["GET"]}}],"collection":[{"href":"https:\/\/www.ladymsardegna.com\/es\/wp-json\/wp\/v2\/product"}],"about":[{"href":"https:\/\/www.ladymsardegna.com\/es\/wp-json\/wp\/v2\/types\/product"}],"replies":[{"embeddable":true,"href":"https:\/\/www.ladymsardegna.com\/es\/wp-json\/wp\/v2\/comments?post=4918"}],"wp:featuredmedia":[{"embeddable":true,"href":"https:\/\/www.ladymsardegna.com\/es\/wp-json\/wp\/v2\/media\/4994"}],"wp:attachment":[{"href":"https:\/\/www.ladymsardegna.com\/es\/wp-json\/wp\/v2\/media?parent=4918"}],"wp:term":[{"taxonomy":"product_cat","embeddable":true,"href":"https:\/\/www.ladymsardegna.com\/es\/wp-json\/wp\/v2\/product_cat?post=4918"},{"taxonomy":"product_tag","embeddable":true,"href":"https:\/\/www.ladymsardegna.com\/es\/wp-json\/wp\/v2\/product_tag?post=4918"}],"curies":[{"name":"wp","href":"https:\/\/api.w.org\/{rel}","templated":true}]}}