{"id":4850,"date":"2022-01-26T09:48:30","date_gmt":"2022-01-26T08:48:30","guid":{"rendered":"https:\/\/ladymsardegna.com\/?post_type=product&#038;p=4850"},"modified":"2024-04-12T19:18:38","modified_gmt":"2024-04-12T17:18:38","slug":"daga-francesa-pistola-sec-xix-38-cm","status":"publish","type":"product","link":"https:\/\/www.ladymsardegna.com\/es\/negozio\/repliche-armi\/pistola\/pistola-pugnale-francese-sec-xix-38-cm\/","title":{"rendered":"Pistola daga francesa siglo XIX 38 cm"},"content":{"rendered":"<p>Pistola francesa del siglo XIX con pu\u00f1al Reproducci\u00f3n de una pistola de chispa con pu\u00f1al de metal y madera con mecanismo simulador de carga y disparo.<\/p>\n<p>Las pistolas de chispa, una de las armas de fuego m\u00e1s utilizadas por los piratas en el siglo XVIII., dispon\u00edan de un cerrojo de pedernal o s\u00edlex, que durante el accionamiento del martillo produc\u00eda la chispa que encend\u00eda la p\u00f3lvora.Todas estas armas requer\u00edan la recarga manual de la munici\u00f3n despu\u00e9s de cada disparo. La munici\u00f3n, introducida por la boca del ca\u00f1\u00f3n, constaba de p\u00f3lvora, proyectil y taco de papel, que serv\u00eda de tap\u00f3n para mantener los dos primeros comprimidos en el interior del ca\u00f1\u00f3n.<\/p>\n<p>En combate, estas armas se utilizaban generalmente para un solo disparo, ya que el m\u00e9todo de recarga era muy lento y no sol\u00eda haber tiempo suficiente para recargar. Por ello, los combatientes tras disparar se ve\u00edan obligados a desenvainar sus espadas o espadones o a utilizar la daga del arma, ya que las circunstancias no permit\u00edan recargarla a tiempo.<\/p>","protected":false},"excerpt":{"rendered":"<p>R\u00e9plica francesa pistola daga :<\/p>\n<ul>\n<li>de metal y madera sin afilar<\/li>\n<li>dimensiones 38 cm<\/li>\n<li>manualidades<\/li>\n<li>DIMENSIONES REALES 1:1<\/li>\n<li>En caja original<\/li>\n<li>Producci\u00f3n Denix Made in spain<\/li>\n<\/ul>","protected":false},"featured_media":4958,"comment_status":"open","ping_status":"closed","template":"","meta":[],"product_cat":[81,80],"product_tag":[],"class_list":{"0":"post-4850","1":"product","2":"type-product","3":"status-publish","4":"has-post-thumbnail","6":"product_brand-denix","7":"product_cat-pistola","8":"product_cat-repliche-armi","10":"first","11":"instock","12":"shipping-taxable","13":"purchasable","14":"product-type-simple","15":"col-xs-6 col-sm-4","16":"col-md-3 col-lg-3","17":"un-4-cols"},"_links":{"self":[{"href":"https:\/\/www.ladymsardegna.com\/es\/wp-json\/wp\/v2\/product\/4850","targetHints":{"allow":["GET"]}}],"collection":[{"href":"https:\/\/www.ladymsardegna.com\/es\/wp-json\/wp\/v2\/product"}],"about":[{"href":"https:\/\/www.ladymsardegna.com\/es\/wp-json\/wp\/v2\/types\/product"}],"replies":[{"embeddable":true,"href":"https:\/\/www.ladymsardegna.com\/es\/wp-json\/wp\/v2\/comments?post=4850"}],"wp:featuredmedia":[{"embeddable":true,"href":"https:\/\/www.ladymsardegna.com\/es\/wp-json\/wp\/v2\/media\/4958"}],"wp:attachment":[{"href":"https:\/\/www.ladymsardegna.com\/es\/wp-json\/wp\/v2\/media?parent=4850"}],"wp:term":[{"taxonomy":"product_cat","embeddable":true,"href":"https:\/\/www.ladymsardegna.com\/es\/wp-json\/wp\/v2\/product_cat?post=4850"},{"taxonomy":"product_tag","embeddable":true,"href":"https:\/\/www.ladymsardegna.com\/es\/wp-json\/wp\/v2\/product_tag?post=4850"}],"curies":[{"name":"wp","href":"https:\/\/api.w.org\/{rel}","templated":true}]}}