{"id":4845,"date":"2022-01-26T09:48:29","date_gmt":"2022-01-26T08:48:29","guid":{"rendered":"https:\/\/ladymsardegna.com\/?post_type=product&#038;p=4845"},"modified":"2024-04-12T19:23:46","modified_gmt":"2024-04-12T17:23:46","slug":"rifle-winchester-usa-1866","status":"publish","type":"product","link":"https:\/\/www.ladymsardegna.com\/es\/negozio\/repliche-armi\/fucili\/fucile-winchester-usa-1866\/","title":{"rendered":"Rifle WINCHESTER USA 1866"},"content":{"rendered":"<p>MARAVILLOSAS R\u00c9PLICAS INERTES, CON PESO Y DIMENSIONES REALES, MECANISMOS DE FUNCIONAMIENTO,<\/p>\n<p>CONSTRUIDOS CON MATERIALES SIMILARES A LOS ORIGINALES.<\/p>\n<p>Carabina Mod. 66, dise\u00f1ada por Winchester, USA 1866.<\/p>\n<p>El rifle Winchester original, el modelo Winchester 1866, era famoso por su robusta construcci\u00f3n y su mecanismo de palanca que permit\u00eda al fusilero disparar un n\u00famero determinado de cartuchos antes de tener que recargar: de ah\u00ed el t\u00e9rmino \"rifle de repetici\u00f3n\". La nueva patente mejorada de Nelson King remedia las deficiencias del rifle Henry incorporando una compuerta de carga en el lateral del armaz\u00f3n e incorporando un cargador de cartuchos sellados que estaba cubierto por una culata delantera. Originalmente recamarado en el .44 Henry rimfire, el Modelo 1866 fue apodado el \"Yellow Boy\" debido a su receptor de \"lat\u00f3n\" (en realidad una aleaci\u00f3n de bronce llamada gunmetal)<\/p>","protected":false},"excerpt":{"rendered":"<p><strong>Winchester rifle usa 1866<\/strong> :<\/p>\n<ul>\n<li>De metal y madera<\/li>\n<li>Dimensiones 100 x 11 x 5 cm<\/li>\n<li>Peso 3.000 g<\/li>\n<li>Tratamiento manual<\/li>\n<li>DIMENSIONES REALES 1:1<\/li>\n<li>En su caja original<\/li>\n<li>Producci\u00f3n Denix Made in spain<\/li>\n<\/ul>","protected":false},"featured_media":4941,"comment_status":"open","ping_status":"closed","template":"","meta":[],"product_cat":[82,80],"product_tag":[],"class_list":{"0":"post-4845","1":"product","2":"type-product","3":"status-publish","4":"has-post-thumbnail","6":"product_brand-denix","7":"product_cat-fucili","8":"product_cat-repliche-armi","10":"first","11":"instock","12":"shipping-taxable","13":"purchasable","14":"product-type-simple","15":"col-xs-6 col-sm-4","16":"col-md-3 col-lg-3","17":"un-4-cols"},"_links":{"self":[{"href":"https:\/\/www.ladymsardegna.com\/es\/wp-json\/wp\/v2\/product\/4845","targetHints":{"allow":["GET"]}}],"collection":[{"href":"https:\/\/www.ladymsardegna.com\/es\/wp-json\/wp\/v2\/product"}],"about":[{"href":"https:\/\/www.ladymsardegna.com\/es\/wp-json\/wp\/v2\/types\/product"}],"replies":[{"embeddable":true,"href":"https:\/\/www.ladymsardegna.com\/es\/wp-json\/wp\/v2\/comments?post=4845"}],"wp:featuredmedia":[{"embeddable":true,"href":"https:\/\/www.ladymsardegna.com\/es\/wp-json\/wp\/v2\/media\/4941"}],"wp:attachment":[{"href":"https:\/\/www.ladymsardegna.com\/es\/wp-json\/wp\/v2\/media?parent=4845"}],"wp:term":[{"taxonomy":"product_cat","embeddable":true,"href":"https:\/\/www.ladymsardegna.com\/es\/wp-json\/wp\/v2\/product_cat?post=4845"},{"taxonomy":"product_tag","embeddable":true,"href":"https:\/\/www.ladymsardegna.com\/es\/wp-json\/wp\/v2\/product_tag?post=4845"}],"curies":[{"name":"wp","href":"https:\/\/api.w.org\/{rel}","templated":true}]}}