{"id":4843,"date":"2022-01-26T09:48:29","date_gmt":"2022-01-26T08:48:29","guid":{"rendered":"https:\/\/ladymsardegna.com\/?post_type=product&#038;p=4843"},"modified":"2024-04-12T19:22:01","modified_gmt":"2024-04-12T17:22:01","slug":"walther-ppk-pistola-alemana","status":"publish","type":"product","link":"https:\/\/www.ladymsardegna.com\/es\/negozio\/repliche-armi\/pistola\/pistola-tedesca-walther-ppk\/","title":{"rendered":"Pistola alemana WALTHER PPK"},"content":{"rendered":"<p>MARAVILLOSAS R\u00c9PLICAS INERTES, CON PESO Y DIMENSIONES REALES, MECANISMOS DE FUNCIONAMIENTO,<\/p>\n<p>CONSTRUIDOS CON MATERIALES SIMILARES A LOS ORIGINALES<\/p>\n<p>Pistola semiautom\u00e1tica, Alemania 1929 WALTER ppk (Segunda Guerra Mundial).<\/p>\n<p>Es una pistola alemana que se hizo famosa gracias al imaginativo personaje James Bond, que la utiliz\u00f3 puede parte de su pel\u00edcula. Tambi\u00e9n es el arma de Holly Hunter en su papel de detective MJ en Copycat.<\/p>\n<p>Su nombre deriva del alem\u00e1n \"Polizei pistole Kriminal\". Sin embargo, se le conoce por su causa inicial.<\/p>\n<p>El arma se introdujo en 1929 en Alemania para la polic\u00eda secreta. En 1931 apareci\u00f3 una versi\u00f3n a\u00fan m\u00e1s corta. Tambi\u00e9n se sabe que fue el arma utilizada por Adolf Hitler para suicidarse. Tras la Segunda Guerra Mundial, fue la favorita de los servicios de inteligencia occidentales. Su c\u00f3modo tama\u00f1o suave y discreto, el peque\u00f1o retroceso del disparo y la seguridad de su mecanismo no se encontraron entre los usuarios civiles durante el siglo XX.<\/p>","protected":false},"excerpt":{"rendered":"<p><strong>Pistola alemana walther pKK :\u00a0<\/strong><\/p>\n<ul>\n<li>de metal<\/li>\n<li>dimensiones 18 cm<\/li>\n<li>manualidades<\/li>\n<li>Peso: 590 g<\/li>\n<li>DIMENSIONES REALES 1:1<\/li>\n<li>En su caja original<\/li>\n<li>Producci\u00f3n Denix Made in spain<\/li>\n<\/ul>","protected":false},"featured_media":4936,"comment_status":"open","ping_status":"closed","template":"","meta":[],"product_cat":[81,80],"product_tag":[],"class_list":{"0":"post-4843","1":"product","2":"type-product","3":"status-publish","4":"has-post-thumbnail","6":"product_brand-denix","7":"product_cat-pistola","8":"product_cat-repliche-armi","10":"first","11":"outofstock","12":"shipping-taxable","13":"purchasable","14":"product-type-simple","15":"col-xs-6 col-sm-4","16":"col-md-3 col-lg-3","17":"un-4-cols"},"_links":{"self":[{"href":"https:\/\/www.ladymsardegna.com\/es\/wp-json\/wp\/v2\/product\/4843","targetHints":{"allow":["GET"]}}],"collection":[{"href":"https:\/\/www.ladymsardegna.com\/es\/wp-json\/wp\/v2\/product"}],"about":[{"href":"https:\/\/www.ladymsardegna.com\/es\/wp-json\/wp\/v2\/types\/product"}],"replies":[{"embeddable":true,"href":"https:\/\/www.ladymsardegna.com\/es\/wp-json\/wp\/v2\/comments?post=4843"}],"wp:featuredmedia":[{"embeddable":true,"href":"https:\/\/www.ladymsardegna.com\/es\/wp-json\/wp\/v2\/media\/4936"}],"wp:attachment":[{"href":"https:\/\/www.ladymsardegna.com\/es\/wp-json\/wp\/v2\/media?parent=4843"}],"wp:term":[{"taxonomy":"product_cat","embeddable":true,"href":"https:\/\/www.ladymsardegna.com\/es\/wp-json\/wp\/v2\/product_cat?post=4843"},{"taxonomy":"product_tag","embeddable":true,"href":"https:\/\/www.ladymsardegna.com\/es\/wp-json\/wp\/v2\/product_tag?post=4843"}],"curies":[{"name":"wp","href":"https:\/\/api.w.org\/{rel}","templated":true}]}}