{"id":4842,"date":"2022-01-26T09:48:29","date_gmt":"2022-01-26T08:48:29","guid":{"rendered":"https:\/\/ladymsardegna.com\/?post_type=product&#038;p=4842"},"modified":"2024-04-12T19:21:41","modified_gmt":"2024-04-12T17:21:41","slug":"pistola-colt-45-usa-1886-far-west-tex","status":"publish","type":"product","link":"https:\/\/www.ladymsardegna.com\/es\/negozio\/repliche-armi\/pistola\/pistola-colt-45-usa-1886-far-west-tex\/","title":{"rendered":"pistola COLT 45, estados UNIDOS DE 1886 OESTE TEX"},"content":{"rendered":"<p>&nbsp;<\/p>\n<p>MARAVILLOSAS R\u00c9PLICAS INERTES, CON PESO Y DIMENSIONES REALES, MECANISMOS DE FUNCIONAMIENTO,<\/p>\n<p>CONSTRUIDOS CON MATERIALES SIMILARES A LOS ORIGINALES<\/p>\n<p>Reproducci\u00f3n de rev\u00f3lver de 4,75\" en metal y madera, con mecanismo de carga y disparo simulado y tambor<\/p>\n<p>El rev\u00f3lver Peacemaker, tambi\u00e9n conocido como Single Action Army (SAA), fue dise\u00f1ado por Samuel Colt en 1873 y se fabric\u00f3 en diferentes longitudes: la versi\u00f3n corta de 4,75 pulgadas, las versiones m\u00e1s largas de 5,5 y 7,5 pulgadas, o la impresionante \"BuntlineSpecial\" de 12 pulgadas,<\/p>\n<p>Inicialmente fue utilizado por el Ej\u00e9rcito de EE.UU., pero en pocos a\u00f1os, la mayor\u00eda de los ciudadanos estadounidenses recibieron uno de estos rev\u00f3lveres, y el hecho de que utilizara munici\u00f3n del mismo calibre que el rifle Winchester M1873 contribuy\u00f3 a su popularidad como arma corta en el Oeste americano a finales del siglo XIX.<\/p>\n<p>Curiosamente, este rev\u00f3lver recibi\u00f3 numerosos apodos. Adem\u00e1s del ya mencionado Peacemaker, tambi\u00e9n fue conocido como Frontier o Widowmaker, en referencia a la facilidad con la que este rev\u00f3lver dejaba viudas entre las esposas de la \u00e9poca.<\/p>\n<p>La industria cinematogr\u00e1fica mitific\u00f3 el \"Peacemaker\" en los westerns de los a\u00f1os 40 y 50, y se asoci\u00f3 a estrellas de la gran pantalla como John Wayne o Gary Cooper. Roosevelt tambi\u00e9n ten\u00eda una grabada con sus iniciales y George S. Patton utiliz\u00f3 dos.<\/p>\n<p>\u00a1Sienta el papel de un gran western con la reproducci\u00f3n DENIX de este rev\u00f3lver!<\/p>","protected":false},"excerpt":{"rendered":"<p><strong>Pistola Colt 45 1886 :<\/strong><\/p>\n<ul>\n<li>de metal<\/li>\n<li>dimensiones 29 cm<\/li>\n<li>Peso: 950 g<\/li>\n<li>manualidades<\/li>\n<li>DIMENSIONES REALES 1:1<\/li>\n<li>En su caja original<\/li>\n<li>Producci\u00f3n Denix Made in spain<\/li>\n<\/ul>","protected":false},"featured_media":4933,"comment_status":"open","ping_status":"closed","template":"","meta":[],"product_cat":[81,80],"product_tag":[],"class_list":{"0":"post-4842","1":"product","2":"type-product","3":"status-publish","4":"has-post-thumbnail","6":"product_brand-denix","7":"product_cat-pistola","8":"product_cat-repliche-armi","10":"first","11":"instock","12":"shipping-taxable","13":"purchasable","14":"product-type-simple","15":"col-xs-6 col-sm-4","16":"col-md-3 col-lg-3","17":"un-4-cols"},"_links":{"self":[{"href":"https:\/\/www.ladymsardegna.com\/es\/wp-json\/wp\/v2\/product\/4842","targetHints":{"allow":["GET"]}}],"collection":[{"href":"https:\/\/www.ladymsardegna.com\/es\/wp-json\/wp\/v2\/product"}],"about":[{"href":"https:\/\/www.ladymsardegna.com\/es\/wp-json\/wp\/v2\/types\/product"}],"replies":[{"embeddable":true,"href":"https:\/\/www.ladymsardegna.com\/es\/wp-json\/wp\/v2\/comments?post=4842"}],"wp:featuredmedia":[{"embeddable":true,"href":"https:\/\/www.ladymsardegna.com\/es\/wp-json\/wp\/v2\/media\/4933"}],"wp:attachment":[{"href":"https:\/\/www.ladymsardegna.com\/es\/wp-json\/wp\/v2\/media?parent=4842"}],"wp:term":[{"taxonomy":"product_cat","embeddable":true,"href":"https:\/\/www.ladymsardegna.com\/es\/wp-json\/wp\/v2\/product_cat?post=4842"},{"taxonomy":"product_tag","embeddable":true,"href":"https:\/\/www.ladymsardegna.com\/es\/wp-json\/wp\/v2\/product_tag?post=4842"}],"curies":[{"name":"wp","href":"https:\/\/api.w.org\/{rel}","templated":true}]}}