{"id":4841,"date":"2022-01-26T09:48:29","date_gmt":"2022-01-26T08:48:29","guid":{"rendered":"https:\/\/ladymsardegna.com\/?post_type=product&#038;p=4841"},"modified":"2024-07-04T18:25:46","modified_gmt":"2024-07-04T16:25:46","slug":"pistola-luger-p08-alemania-1898-corta-madera","status":"publish","type":"product","link":"https:\/\/www.ladymsardegna.com\/es\/negozio\/repliche-armi\/pistola\/pistola-luger-p08-germania-1898-legno-corta\/","title":{"rendered":"Pistola LUGER P08 Alemania 1898 madera corta"},"content":{"rendered":"<p>Reproducci\u00f3n de una pistola, de metal, con mecanismo de simulaci\u00f3n de carga y disparo y cargador extra\u00edble.<\/p>\n<p>La pistola modelo 1908 (P08), conocida popularmente como Luger, es una pistola semiautom\u00e1tica accionada por retroceso, que sobrevivi\u00f3 a las restricciones del Tratado de Versalles. Utiliza una corredera interna, accionada por un brazo articulado, a diferencia de la corredera externa com\u00fan en casi todas las dem\u00e1s pistolas semiautom\u00e1ticas.<\/p>\n<p>Fue dise\u00f1ada por Georg Luger en 1898 y producida por la f\u00e1brica de armas alemana Deutsche WaffenundMunitionsfabriken (DWM) a partir del a\u00f1o 1900.Durante a\u00f1os de su vida, la Luger P08 pas\u00f3 por las manos de varios fabricantes, que fueron responsables de la producci\u00f3n de m\u00e1s de un mill\u00f3n de unidades de esta legendaria pistola que marc\u00f3 un antes y un despu\u00e9s en la historia de las armas cortas.<\/p>\n<p>Aunque los primeros modelos se fabricaron en calibre 7,65\u00d721 Parabellum, su modelo de 1908 es famoso por ser el arma para la que se desarroll\u00f3 el cartucho 9\u00d719 Parabellum. El nombre Parabellum procede de un antiguo dicho latino \"Su vis pacem, para bellum\" (\"Si quieres la paz, prep\u00e1rate para la guerra\").<\/p>\n<p>La pistola Luger Parabellum se hizo muy popular debido a su uso por parte de Alemania durante la Primera y la Segunda Guerra Mundial y fue una pistola muy buscada por los soldados durante todo el siglo XX.<\/p>\n<p>Recrea las batallas m\u00e1s famosas de la Primera y la Segunda Guerra Mundial con esta r\u00e9plica Denix de la pistola Luger.<\/p>\n<p>BELLAS R\u00c9PLICAS INERTES, CON PESO Y DIMENSIONES REALES, MECANISMOS DE FUNCIONAMIENTO, CONSTRUIDAS CON MATERIALES SIMILARES A LOS ORIGINALES<\/p>","protected":false},"excerpt":{"rendered":"<p><strong>Pistola de madera Lugher P08<\/strong> :<\/p>\n<ul>\n<li>de metal y madera<\/li>\n<li>dimensiones 26 cm<\/li>\n<li>manualidades<\/li>\n<li>DIMENSIONES REALES 1:1<\/li>\n<li>Peso 980 g<\/li>\n<li>En su caja original<\/li>\n<li>Producci\u00f3n Denix Made in spain<\/li>\n<\/ul>","protected":false},"featured_media":4928,"comment_status":"open","ping_status":"closed","template":"","meta":[],"product_cat":[81,80],"product_tag":[],"class_list":{"0":"post-4841","1":"product","2":"type-product","3":"status-publish","4":"has-post-thumbnail","6":"product_brand-denix","7":"product_cat-pistola","8":"product_cat-repliche-armi","10":"first","11":"instock","12":"shipping-taxable","13":"purchasable","14":"product-type-simple","15":"col-xs-6 col-sm-4","16":"col-md-3 col-lg-3","17":"un-4-cols"},"_links":{"self":[{"href":"https:\/\/www.ladymsardegna.com\/es\/wp-json\/wp\/v2\/product\/4841","targetHints":{"allow":["GET"]}}],"collection":[{"href":"https:\/\/www.ladymsardegna.com\/es\/wp-json\/wp\/v2\/product"}],"about":[{"href":"https:\/\/www.ladymsardegna.com\/es\/wp-json\/wp\/v2\/types\/product"}],"replies":[{"embeddable":true,"href":"https:\/\/www.ladymsardegna.com\/es\/wp-json\/wp\/v2\/comments?post=4841"}],"wp:featuredmedia":[{"embeddable":true,"href":"https:\/\/www.ladymsardegna.com\/es\/wp-json\/wp\/v2\/media\/4928"}],"wp:attachment":[{"href":"https:\/\/www.ladymsardegna.com\/es\/wp-json\/wp\/v2\/media?parent=4841"}],"wp:term":[{"taxonomy":"product_cat","embeddable":true,"href":"https:\/\/www.ladymsardegna.com\/es\/wp-json\/wp\/v2\/product_cat?post=4841"},{"taxonomy":"product_tag","embeddable":true,"href":"https:\/\/www.ladymsardegna.com\/es\/wp-json\/wp\/v2\/product_tag?post=4841"}],"curies":[{"name":"wp","href":"https:\/\/api.w.org\/{rel}","templated":true}]}}