{"id":4840,"date":"2022-01-26T09:48:29","date_gmt":"2022-01-26T08:48:29","guid":{"rendered":"https:\/\/ladymsardegna.com\/?post_type=product&#038;p=4840"},"modified":"2025-01-09T12:10:16","modified_gmt":"2025-01-09T11:10:16","slug":"revolver-python-357-magnum-revolver-usa-1955","status":"publish","type":"product","link":"https:\/\/www.ladymsardegna.com\/es\/negozio\/repliche-armi\/pistola\/pistola-revolver-python-357-magnum-usa-1955\/","title":{"rendered":"Pistola, REV\u00d3LVER, PYTHON 357 MAGNUM, estados Unidos 1955"},"content":{"rendered":"<p>BELLAS R\u00c9PLICAS INERTES, CON PESO Y DIMENSIONES REALES, MECANISMOS DE FUNCIONAMIENTO, CONSTRUIDAS CON MATERIALES SIMILARES A LOS ORIGINALES<\/p>\n<p>Reproducci\u00f3n de rev\u00f3lver, fabricada en metal y empu\u00f1adura de pl\u00e1stico, con mecanismo simulador de carga y disparo y tambor giratorio.<\/p>\n<p>El Python es un rev\u00f3lver de doble acci\u00f3n calibrado para el potente cartucho .357 Magnum. Tambi\u00e9n se conoce como \"Magnum de combate\". Se introdujo por primera vez en 1955 y estaba destinado al segmento de los rev\u00f3lveres de lujo. Es un rev\u00f3lver conocido por su precisi\u00f3n, su gatillo deslizante y su s\u00f3lida construcci\u00f3n.<\/p>\n<p>Algunos coleccionistas de armas y escritores como Jeff Cooper, Ian V. Hogg, Chuck Hawks, Leroy Thompson y Ren\u00e9e Smeets han descrito la Python como uno de los mejores rev\u00f3lveres jam\u00e1s fabricados.<\/p>\n<p>Disfruta de nuestra bella reproducci\u00f3n que aparece en videojuegos como ResidentEvil, Grand Theft Auto, Naughty Dog o la saga Half-Life y tambi\u00e9n en series como The Walking Dead, \u00a1donde es el arma principal de Rick Grimes!<\/p>","protected":false},"excerpt":{"rendered":"<p><strong>Pistola rev\u00f3lver Python 357 Magnum :<\/strong><\/p>\n<ul>\n<li>De metal<\/li>\n<li>Dimensiones 31,5 cm<\/li>\n<li>Peso 1.050 g<\/li>\n<li>Tratamiento manual<\/li>\n<li>DIMENSIONES REALES 1:1<\/li>\n<li>En su caja original<\/li>\n<li>Producci\u00f3n Denix Made in spain<\/li>\n<\/ul>","protected":false},"featured_media":4922,"comment_status":"open","ping_status":"closed","template":"","meta":[],"product_cat":[81,80],"product_tag":[],"class_list":{"0":"post-4840","1":"product","2":"type-product","3":"status-publish","4":"has-post-thumbnail","6":"product_brand-denix","7":"product_cat-pistola","8":"product_cat-repliche-armi","10":"first","11":"instock","12":"shipping-taxable","13":"purchasable","14":"product-type-simple","15":"col-xs-6 col-sm-4","16":"col-md-3 col-lg-3","17":"un-4-cols"},"_links":{"self":[{"href":"https:\/\/www.ladymsardegna.com\/es\/wp-json\/wp\/v2\/product\/4840","targetHints":{"allow":["GET"]}}],"collection":[{"href":"https:\/\/www.ladymsardegna.com\/es\/wp-json\/wp\/v2\/product"}],"about":[{"href":"https:\/\/www.ladymsardegna.com\/es\/wp-json\/wp\/v2\/types\/product"}],"replies":[{"embeddable":true,"href":"https:\/\/www.ladymsardegna.com\/es\/wp-json\/wp\/v2\/comments?post=4840"}],"wp:featuredmedia":[{"embeddable":true,"href":"https:\/\/www.ladymsardegna.com\/es\/wp-json\/wp\/v2\/media\/4922"}],"wp:attachment":[{"href":"https:\/\/www.ladymsardegna.com\/es\/wp-json\/wp\/v2\/media?parent=4840"}],"wp:term":[{"taxonomy":"product_cat","embeddable":true,"href":"https:\/\/www.ladymsardegna.com\/es\/wp-json\/wp\/v2\/product_cat?post=4840"},{"taxonomy":"product_tag","embeddable":true,"href":"https:\/\/www.ladymsardegna.com\/es\/wp-json\/wp\/v2\/product_tag?post=4840"}],"curies":[{"name":"wp","href":"https:\/\/api.w.org\/{rel}","templated":true}]}}