{"id":4793,"date":"2022-01-26T09:48:08","date_gmt":"2022-01-26T08:48:08","guid":{"rendered":"https:\/\/ladymsardegna.com\/?post_type=product&#038;p=4793"},"modified":"2024-04-12T19:24:45","modified_gmt":"2024-04-12T17:24:45","slug":"colt-45-revolver-peacemaker-12-far-west","status":"publish","type":"product","link":"https:\/\/www.ladymsardegna.com\/es\/negozio\/repliche-armi\/pistola\/colt-45-revolver-peacemaker-12-far-west\/","title":{"rendered":"Rev\u00f3lver Colt 45 PEACEMAKER 12 FAR WEST"},"content":{"rendered":"<p>Reproducci\u00f3n de rev\u00f3lver cal. 45 de metal y madera con simulador de carga y mecanismo de disparo y tambor giratorio.<\/p>\n<p>El rev\u00f3lver Peacemaker, tambi\u00e9n conocido como rev\u00f3lver Army de acci\u00f3n simple, fue dise\u00f1ado por Samuel Colt en 1873 y se fabric\u00f3 con diferentes longitudes de ca\u00f1\u00f3n: la versi\u00f3n corta de 4,75 pulgadas, las formas m\u00e1s largas, de 5,5 y 7,5 pulgadas, o el impresionante \"Buntline Special\" de 12 pulgadas.<\/p>\n<p>Esta arma fue utilizada inicialmente por el ej\u00e9rcito estadounidense. Sin embargo, en pocos a\u00f1os la mayor\u00eda de los estadounidenses contaban con una de estas armas. Esa munici\u00f3n utilizada con el mismo rifle Winchester de calibre M1873 contribuy\u00f3 a su popularidad como arma de mano en el Viejo Oeste americano a finales del siglo XIX.<\/p>\n<p>&nbsp;<\/p>\n<p>BELLAS R\u00c9PLICAS INERTES, CON PESO Y DIMENSIONES REALES, MECANISMOS DE FUNCIONAMIENTO, CONSTRUIDAS CON MATERIALES SIMILARES A LOS ORIGINALES<\/p>","protected":false},"excerpt":{"rendered":"<p><strong>Pistola rev\u00f3lver Colt 45 peacemaker 12 1873 :\u00a0<\/strong><\/p>\n<ul>\n<li>De metal<\/li>\n<li>Dimensiones 46 cm<\/li>\n<li>Peso 1.100 g<\/li>\n<li>Tratamiento manual<\/li>\n<li>DIMENSIONES REALES 1:1<\/li>\n<li>En su caja original<\/li>\n<li>Producci\u00f3n Denix Made in spain<\/li>\n<\/ul>","protected":false},"featured_media":4886,"comment_status":"open","ping_status":"closed","template":"","meta":[],"product_cat":[81,80],"product_tag":[],"class_list":{"0":"post-4793","1":"product","2":"type-product","3":"status-publish","4":"has-post-thumbnail","6":"product_brand-denix","7":"product_cat-pistola","8":"product_cat-repliche-armi","10":"first","11":"instock","12":"shipping-taxable","13":"purchasable","14":"product-type-simple","15":"col-xs-6 col-sm-4","16":"col-md-3 col-lg-3","17":"un-4-cols"},"_links":{"self":[{"href":"https:\/\/www.ladymsardegna.com\/es\/wp-json\/wp\/v2\/product\/4793","targetHints":{"allow":["GET"]}}],"collection":[{"href":"https:\/\/www.ladymsardegna.com\/es\/wp-json\/wp\/v2\/product"}],"about":[{"href":"https:\/\/www.ladymsardegna.com\/es\/wp-json\/wp\/v2\/types\/product"}],"replies":[{"embeddable":true,"href":"https:\/\/www.ladymsardegna.com\/es\/wp-json\/wp\/v2\/comments?post=4793"}],"wp:featuredmedia":[{"embeddable":true,"href":"https:\/\/www.ladymsardegna.com\/es\/wp-json\/wp\/v2\/media\/4886"}],"wp:attachment":[{"href":"https:\/\/www.ladymsardegna.com\/es\/wp-json\/wp\/v2\/media?parent=4793"}],"wp:term":[{"taxonomy":"product_cat","embeddable":true,"href":"https:\/\/www.ladymsardegna.com\/es\/wp-json\/wp\/v2\/product_cat?post=4793"},{"taxonomy":"product_tag","embeddable":true,"href":"https:\/\/www.ladymsardegna.com\/es\/wp-json\/wp\/v2\/product_tag?post=4793"}],"curies":[{"name":"wp","href":"https:\/\/api.w.org\/{rel}","templated":true}]}}