{"id":4792,"date":"2022-01-26T09:48:07","date_gmt":"2022-01-26T08:48:07","guid":{"rendered":"https:\/\/ladymsardegna.com\/?post_type=product&#038;p=4792"},"modified":"2022-01-31T17:05:55","modified_gmt":"2022-01-31T16:05:55","slug":"pistola-mauser-c96-alemania-1896","status":"publish","type":"product","link":"https:\/\/www.ladymsardegna.com\/es\/negozio\/repliche-armi\/pistola\/pistola-mauser-c96-germania-1896\/","title":{"rendered":"Pistola MAUSER C96 Alemania 1896"},"content":{"rendered":"<p>Reproducci\u00f3n de pistola, de metal con escamas de pl\u00e1stico para imitar la madera, con mecanismo simulador de carga y disparo.<\/p>\n<p>Dentro de la amplia gama de armas cortas, la C-96 tiene el honor de ostentar el sobrenombre de \"cl\u00e1sica\", tambi\u00e9n conocida como \"palo de escoba\". Fue una pistola semiautom\u00e1tica producida en Alemania de 1896 a 1937, creada por el ingenioso Peter Paul Mauser. Esta pistola semiautom\u00e1tica, con m\u00e1s de un siglo de historia, tiene un dise\u00f1o extremadamente funcional y pr\u00e1ctico que la ha llevado a ser reconocida como una de las mejores armas del mundo.<\/p>\n<p>El ej\u00e9rcito alem\u00e1n recibi\u00f3 m\u00e1s de 100.000 unidades, que utiliz\u00f3 durante la Primera Guerra Mundial, en la que abundaron los combates a corta distancia en las trincheras. La Rusia comunista adquiri\u00f3 grandes cantidades del C-96, arma que acab\u00f3 recibiendo el apodo de \"Bolo-Mauser\", es decir, el Mauser de los bolcheviques. Cuando comenz\u00f3 la Segunda Guerra Mundial en 1939, el C-96 segu\u00eda en activo.<\/p>\n<p>Aunque ning\u00fan pa\u00eds la reconoci\u00f3 como arma normativa, se utiliz\u00f3 en todos los acontecimientos militares que surgieron en la primera mitad del siglo XX.<\/p>\n<p>\u00a1Recree las mejores batallas de la Primera Guerra Mundial con la reproducci\u00f3n DENIX de este ca\u00f1\u00f3n!<\/p>\n<p><strong>BELLAS R\u00c9PLICAS INERTES, CON PESO Y DIMENSIONES REALES, MECANISMOS DE FUNCIONAMIENTO, CONSTRUIDAS CON MATERIALES SIMILARES A LOS ORIGINALES<\/strong><\/p>","protected":false},"excerpt":{"rendered":"<p><strong>Pistola MAUSER C96<\/strong><\/p>\n<ul>\n<li>de metal<\/li>\n<li>dimensiones 32 cm<\/li>\n<li>manualidades<\/li>\n<li>DIMENSIONES REALES 1:1<\/li>\n<li>Peso 1.120 g<\/li>\n<li>En su caja original<\/li>\n<li>Producci\u00f3n Denix Made in spain<\/li>\n<\/ul>","protected":false},"featured_media":4885,"comment_status":"open","ping_status":"closed","template":"","meta":[],"product_cat":[81,80],"product_tag":[],"class_list":{"0":"post-4792","1":"product","2":"type-product","3":"status-publish","4":"has-post-thumbnail","6":"product_brand-denix","7":"product_cat-pistola","8":"product_cat-repliche-armi","10":"first","11":"instock","12":"shipping-taxable","13":"purchasable","14":"product-type-simple","15":"col-xs-6 col-sm-4","16":"col-md-3 col-lg-3","17":"un-4-cols"},"_links":{"self":[{"href":"https:\/\/www.ladymsardegna.com\/es\/wp-json\/wp\/v2\/product\/4792","targetHints":{"allow":["GET"]}}],"collection":[{"href":"https:\/\/www.ladymsardegna.com\/es\/wp-json\/wp\/v2\/product"}],"about":[{"href":"https:\/\/www.ladymsardegna.com\/es\/wp-json\/wp\/v2\/types\/product"}],"replies":[{"embeddable":true,"href":"https:\/\/www.ladymsardegna.com\/es\/wp-json\/wp\/v2\/comments?post=4792"}],"wp:featuredmedia":[{"embeddable":true,"href":"https:\/\/www.ladymsardegna.com\/es\/wp-json\/wp\/v2\/media\/4885"}],"wp:attachment":[{"href":"https:\/\/www.ladymsardegna.com\/es\/wp-json\/wp\/v2\/media?parent=4792"}],"wp:term":[{"taxonomy":"product_cat","embeddable":true,"href":"https:\/\/www.ladymsardegna.com\/es\/wp-json\/wp\/v2\/product_cat?post=4792"},{"taxonomy":"product_tag","embeddable":true,"href":"https:\/\/www.ladymsardegna.com\/es\/wp-json\/wp\/v2\/product_tag?post=4792"}],"curies":[{"name":"wp","href":"https:\/\/api.w.org\/{rel}","templated":true}]}}