{"id":4789,"date":"2022-01-26T09:48:07","date_gmt":"2022-01-26T08:48:07","guid":{"rendered":"https:\/\/ladymsardegna.com\/?post_type=product&#038;p=4789"},"modified":"2025-11-11T20:36:00","modified_gmt":"2025-11-11T19:36:00","slug":"thompson-m1928-ametralladora-american-usa","status":"publish","type":"product","link":"https:\/\/www.ladymsardegna.com\/es\/negozio\/repliche-armi\/fucili\/fucile-mitragliatore-thompson-m1928-americano-usa\/","title":{"rendered":"THOMPSON M1928 ametralladora fusil americano usa"},"content":{"rendered":"<p>R\u00e9plica de fusil THOMPSON en metal y madera, con mecanismo de carga simulado y cargador extra\u00edble.<\/p>\n<p>El subfusil autom\u00e1tico M1928, dise\u00f1ado por John Taliaferro Thompson en 1918, fue adoptado en 1938 por las Fuerzas Armadas de los Estados Unidos en servicio durante la Segunda Guerra Mundial y posteriormente en la Guerra de Corea y en las primeras fases de la Guerra de Vietnam. Era la favorita de soldados, delincuentes, polic\u00edas y civiles por su ergonom\u00eda, tama\u00f1o compacto, fiabilidad, alta cadencia de fuego en modo autom\u00e1tico y munici\u00f3n del calibre .45 ACP. Ten\u00eda un cargador directo de 20 cartuchos o un cargador de 50-100 cartuchos.<\/p>\n<p>Adquiri\u00f3 mala fama durante el periodo de la prohibici\u00f3n en Estados Unidos (1920-1933). Apareci\u00f3 normalmente en los medios de comunicaci\u00f3n de la \u00e9poca, cuando era el arma preferida de los g\u00e1ngsters. Lleg\u00f3 a ganarse apodos como Trench Broom, Trench Sweeper, Chicago Typewriter, Chicago Piano, Chicago Style o The Chopper.<\/p>","protected":false},"excerpt":{"rendered":"<p>Ametralladora THOMPSON US 1918 : 1092<\/p>\n<ul>\n<li>De metal y madera<\/li>\n<li>Dimensiones 87 cm<\/li>\n<li>Tratamiento manual<\/li>\n<li>DIMENSIONES REALES 1:1<\/li>\n<li>Peso 4.470 g<\/li>\n<li>En su caja original<\/li>\n<li>Producci\u00f3n Denix Made in spain<\/li>\n<\/ul>","protected":false},"featured_media":4877,"comment_status":"open","ping_status":"closed","template":"","meta":[],"product_cat":[82,80],"product_tag":[],"class_list":{"0":"post-4789","1":"product","2":"type-product","3":"status-publish","4":"has-post-thumbnail","6":"product_brand-denix","7":"product_cat-fucili","8":"product_cat-repliche-armi","10":"first","11":"instock","12":"shipping-taxable","13":"purchasable","14":"product-type-simple","15":"col-xs-6 col-sm-4","16":"col-md-3 col-lg-3","17":"un-4-cols"},"_links":{"self":[{"href":"https:\/\/www.ladymsardegna.com\/es\/wp-json\/wp\/v2\/product\/4789","targetHints":{"allow":["GET"]}}],"collection":[{"href":"https:\/\/www.ladymsardegna.com\/es\/wp-json\/wp\/v2\/product"}],"about":[{"href":"https:\/\/www.ladymsardegna.com\/es\/wp-json\/wp\/v2\/types\/product"}],"replies":[{"embeddable":true,"href":"https:\/\/www.ladymsardegna.com\/es\/wp-json\/wp\/v2\/comments?post=4789"}],"wp:featuredmedia":[{"embeddable":true,"href":"https:\/\/www.ladymsardegna.com\/es\/wp-json\/wp\/v2\/media\/4877"}],"wp:attachment":[{"href":"https:\/\/www.ladymsardegna.com\/es\/wp-json\/wp\/v2\/media?parent=4789"}],"wp:term":[{"taxonomy":"product_cat","embeddable":true,"href":"https:\/\/www.ladymsardegna.com\/es\/wp-json\/wp\/v2\/product_cat?post=4789"},{"taxonomy":"product_tag","embeddable":true,"href":"https:\/\/www.ladymsardegna.com\/es\/wp-json\/wp\/v2\/product_tag?post=4789"}],"curies":[{"name":"wp","href":"https:\/\/api.w.org\/{rel}","templated":true}]}}