{"id":4786,"date":"2022-01-26T09:48:07","date_gmt":"2022-01-26T08:48:07","guid":{"rendered":"https:\/\/ladymsardegna.com\/?post_type=product&#038;p=4786"},"modified":"2024-04-12T19:28:26","modified_gmt":"2024-04-12T17:28:26","slug":"fusil-de-asalto-m16-a1-usa-1967","status":"publish","type":"product","link":"https:\/\/www.ladymsardegna.com\/es\/negozio\/repliche-armi\/fucili\/fucile-dassalto-m16-a1-usa-1967\/","title":{"rendered":"Fusil de asalto M16 A1 EE.UU. 1967"},"content":{"rendered":"<p>Reproducci\u00f3n de fusil de asalto, de metal y pl\u00e1stico, con mecanismo de simulaci\u00f3n de carga y disparo y cargador extra\u00edble.<\/p>\n<p>El fusil de asalto M16 fue dise\u00f1ado por Eugene Stoner en la d\u00e9cada de 1950 con el nombre original de AR-15. Fabricado en acero, aluminio y diversos componentes de pl\u00e1stico, es un fusil de asalto autom\u00e1tico de cerrojo giratorio accionado por gas, alimentado por cargadores extra\u00edbles de 20 y 30 cartuchos de calibre 5,56 mm. Alcanza una cadencia de 800-900 cartuchos por minuto y un alcance efectivo de 500 m.<\/p>\n<p>Entr\u00f3 en servicio en el ej\u00e9rcito estadounidense y fue desplegado en operaciones de la guerra de Vietnam en 1963. En 1967, tras algunas modificaciones, el M16 pas\u00f3 a denominarse M16A1, convirti\u00e9ndose en el fusil est\u00e1ndar del ej\u00e9rcito estadounidense en 1969.<\/p>\n<p>La Guerra de Vietnam fue la guerra librada entre 1955 y 1975 para impedir la reunificaci\u00f3n de Vietnam bajo un gobierno comunista. La Rep\u00fablica de Vietnam (Vietnam del Sur) particip\u00f3 con el apoyo de Estados Unidos y otras naciones, contra las guerrillas locales del Frente Nacional para la Liberaci\u00f3n de Vietnam (Viet Cong) y el ej\u00e9rcito de la Rep\u00fablica Democr\u00e1tica de Vietnam (Vietnam del Norte), apoyado por China y la Uni\u00f3n Sovi\u00e9tica.<\/p>\n<p>Desde la guerra de Vietnam, la familia de fusiles M16 ha sido el arma principal del ej\u00e9rcito estadounidense. El M16 ha sido ampliamente adoptado por ej\u00e9rcitos de todo el mundo y la producci\u00f3n total de fusiles M16 desde su creaci\u00f3n ronda los 8 millones, siendo el arma de su calibre m\u00e1s producida.<\/p>\n<p>\u00a1Disfrute de la ic\u00f3nica r\u00e9plica del fusil de asalto M16A1!<\/p>","protected":false},"excerpt":{"rendered":"<p><strong>Fusil de asalto M16 A1 1967 :\u00a0<\/strong><\/p>\n<ul>\n<li>de metal<\/li>\n<li>dimensiones 98 cm<\/li>\n<li>manualidades<\/li>\n<li>DIMENSIONES REALES 1:1<\/li>\n<li>Peso 3.335 g<\/li>\n<li>En su caja original<\/li>\n<li>Producci\u00f3n Denix Made in spain<\/li>\n<li>rifle inerte no funciona<\/li>\n<\/ul>","protected":false},"featured_media":4865,"comment_status":"open","ping_status":"closed","template":"","meta":[],"product_cat":[82,80],"product_tag":[84],"class_list":{"0":"post-4786","1":"product","2":"type-product","3":"status-publish","4":"has-post-thumbnail","6":"product_brand-denix","7":"product_cat-fucili","8":"product_cat-repliche-armi","9":"product_tag-denix","11":"first","12":"instock","13":"shipping-taxable","14":"purchasable","15":"product-type-simple","16":"col-xs-6 col-sm-4","17":"col-md-3 col-lg-3","18":"un-4-cols"},"_links":{"self":[{"href":"https:\/\/www.ladymsardegna.com\/es\/wp-json\/wp\/v2\/product\/4786","targetHints":{"allow":["GET"]}}],"collection":[{"href":"https:\/\/www.ladymsardegna.com\/es\/wp-json\/wp\/v2\/product"}],"about":[{"href":"https:\/\/www.ladymsardegna.com\/es\/wp-json\/wp\/v2\/types\/product"}],"replies":[{"embeddable":true,"href":"https:\/\/www.ladymsardegna.com\/es\/wp-json\/wp\/v2\/comments?post=4786"}],"wp:featuredmedia":[{"embeddable":true,"href":"https:\/\/www.ladymsardegna.com\/es\/wp-json\/wp\/v2\/media\/4865"}],"wp:attachment":[{"href":"https:\/\/www.ladymsardegna.com\/es\/wp-json\/wp\/v2\/media?parent=4786"}],"wp:term":[{"taxonomy":"product_cat","embeddable":true,"href":"https:\/\/www.ladymsardegna.com\/es\/wp-json\/wp\/v2\/product_cat?post=4786"},{"taxonomy":"product_tag","embeddable":true,"href":"https:\/\/www.ladymsardegna.com\/es\/wp-json\/wp\/v2\/product_tag?post=4786"}],"curies":[{"name":"wp","href":"https:\/\/api.w.org\/{rel}","templated":true}]}}